{"id":110,"date":"2020-12-10T11:09:44","date_gmt":"2020-12-10T10:09:44","guid":{"rendered":"https:\/\/portalvyvoj.nacr.cz\/cro\/?page_id=110"},"modified":"2025-11-21T13:12:16","modified_gmt":"2025-11-21T12:12:16","slug":"navody","status":"publish","type":"page","link":"https:\/\/portal.nacr.cz\/cro\/pro-puvodce\/navody\/","title":{"rendered":"N\u00e1vody"},"content":{"rendered":"\n<div class=\"wp-block-file\"><a href=\"https:\/\/portal.nacr.cz\/cro\/wp-content\/uploads\/2021\/05\/Pro-puvodceProdukceFin.pdf\">V\u00fdb\u011br archiv\u00e1li\u00ed ve skarta\u010dn\u00edm \u0159\u00edzen\u00ed. P\u0159\u00edru\u010dka pro p\u016fvodce &#8211; aktualizov\u00e1no 2. 5. 2021 (PDF &#8211; 4,1 MB) <\/a><a href=\"https:\/\/portal.nacr.cz\/cro\/wp-content\/uploads\/2021\/05\/Pro-puvodceProdukceFin.pdf\" class=\"wp-block-file__button\" download>St\u00e1hnout<\/a><\/div>\n\n\n\n<p><a href=\"https:\/\/www.nacr.cz\/verejnost\/2-predarchivni-pece\/verejnopravni-puvodci\/informacni-list\" target=\"_blank\" rel=\"noreferrer noopener\">INFORMA\u010cN\u00cd LIST pro ot\u00e1zky elektronick\u00e9 spisov\u00e9 slu\u017eby a dokument\u016f v digit\u00e1ln\u00ed podob\u011b &#8211; N\u00e1rodn\u00ed archiv (nacr.cz)<\/a><\/p>\n\n\n\n<p>Videon\u00e1vod: <em>V\u00fdb\u011br archiv\u00e1li\u00ed ve skarta\u010dn\u00edm \u0159\u00edzen\u00ed. P\u0159\u00edru\u010dka pro p\u016fvodce (7:07 min)<\/em><\/p>\n\n\n<p style=\"text-align: center;\"><iframe src=\"https:\/\/www.youtube.com\/embed\/CX6cqdn328s\" width=\"560\" height=\"315\" frameborder=\"0\" referrerpolicy=\"strict-origin-when-cross-origin\" allowfullscreen=\"allowfullscreen\"><\/iframe><\/p>\n\n\n<p>Videon\u00e1vod:<em> P\u0159\u00edprava skarta\u010dn\u00edho n\u00e1vrhu (2.29 min)<\/em><\/p>\n\n\n<p style=\"text-align: center;\"><iframe src=\"https:\/\/www.youtube.com\/embed\/Q71sU6nxurI\" width=\"560\" height=\"315\" frameborder=\"0\" referrerpolicy=\"strict-origin-when-cross-origin\" allowfullscreen=\"allowfullscreen\"><\/iframe><\/p>\n\n\n<p>Videon\u00e1vod:<em> Obnoven\u00ed hesla (2.04 min)<\/em><\/p>\n\n\n<p style=\"text-align: center;\"><iframe src=\"https:\/\/www.youtube.com\/embed\/ACjs3jyeaIU\" width=\"560\" height=\"315\" frameborder=\"0\" referrerpolicy=\"strict-origin-when-cross-origin\" allowfullscreen=\"allowfullscreen\"><\/iframe><\/p>\n\n\n<p><\/p>\n","protected":false},"excerpt":{"rendered":"INFORMA\u010cN\u00cd LIST pro ot\u00e1zky elektronick\u00e9 spisov\u00e9 slu\u017eby a dokument\u016f v digit\u00e1ln\u00ed podob\u011b &#8211; N\u00e1rodn\u00ed archiv (nacr.cz) Videon\u00e1vod: V\u00fdb\u011br archiv\u00e1li\u00ed ve skarta\u010dn\u00edm \u0159\u00edzen\u00ed. P\u0159\u00edru\u010dka pro p\u016fvodce (7:07 min) Videon\u00e1vod: P\u0159\u00edprava skarta\u010dn\u00edho n\u00e1vrhu (2.29 min) Videon\u00e1vod: Obnoven\u00ed hesla (2.04 min)","protected":false},"author":1,"featured_media":0,"parent":83,"menu_order":0,"comment_status":"closed","ping_status":"closed","template":"page-templates\/page-container.php","meta":[],"_links":{"self":[{"href":"https:\/\/portal.nacr.cz\/cro\/wp-json\/wp\/v2\/pages\/110"}],"collection":[{"href":"https:\/\/portal.nacr.cz\/cro\/wp-json\/wp\/v2\/pages"}],"about":[{"href":"https:\/\/portal.nacr.cz\/cro\/wp-json\/wp\/v2\/types\/page"}],"author":[{"embeddable":true,"href":"https:\/\/portal.nacr.cz\/cro\/wp-json\/wp\/v2\/users\/1"}],"replies":[{"embeddable":true,"href":"https:\/\/portal.nacr.cz\/cro\/wp-json\/wp\/v2\/comments?post=110"}],"version-history":[{"count":21,"href":"https:\/\/portal.nacr.cz\/cro\/wp-json\/wp\/v2\/pages\/110\/revisions"}],"predecessor-version":[{"id":1483,"href":"https:\/\/portal.nacr.cz\/cro\/wp-json\/wp\/v2\/pages\/110\/revisions\/1483"}],"up":[{"embeddable":true,"href":"https:\/\/portal.nacr.cz\/cro\/wp-json\/wp\/v2\/pages\/83"}],"wp:attachment":[{"href":"https:\/\/portal.nacr.cz\/cro\/wp-json\/wp\/v2\/media?parent=110"}],"curies":[{"name":"wp","href":"https:\/\/api.w.org\/{rel}","templated":true}]}}