{"id":113,"date":"2020-12-10T11:17:58","date_gmt":"2020-12-10T10:17:58","guid":{"rendered":"https:\/\/portalvyvoj.nacr.cz\/cro\/?page_id=113"},"modified":"2021-01-19T21:26:24","modified_gmt":"2021-01-19T20:26:24","slug":"helpdesk","status":"publish","type":"page","link":"https:\/\/portal.nacr.cz\/cro\/helpdesk\/","title":{"rendered":"Helpdesk"},"content":{"rendered":"\n<p><strong>Kontakt na spr\u00e1vce webu a helpdesk n\u00e1rodn\u00edho digit\u00e1ln\u00edho archivu<\/strong><\/p>\n\n\n\n<p>Va\u0161e n\u00e1m\u011bty, post\u0159ehy \u010di informace o probl\u00e9mech, na kter\u00e9 naraz\u00edte p\u0159i pou\u017e\u00edv\u00e1n\u00ed tohoto webu, m\u016f\u017eete poslat na adresu spr\u00e1vce serveru \u2013 <a href=\"mailto:helpnda@nacr.cz\" target=\"_blank\" rel=\"noreferrer noopener\">helpnda@nacr.cz<\/a>. Tato adresa slou\u017e\u00ed pro \u0159e\u0161en\u00ed technick\u00fdch a metodick\u00fdch z\u00e1le\u017eitost\u00ed t\u00fdkaj\u00edc\u00edch se n\u00e1rodn\u00edho archivn\u00edho port\u00e1lu, elektronick\u00fdch v\u00fdb\u011br\u016f, p\u0159ed\u00e1v\u00e1n\u00ed a zp\u0159\u00edstup\u0148ov\u00e1n\u00ed archiv\u00e1li\u00ed.<\/p>\n","protected":false},"excerpt":{"rendered":"Kontakt na spr\u00e1vce webu a helpdesk n\u00e1rodn\u00edho digit\u00e1ln\u00edho archivu Va\u0161e n\u00e1m\u011bty, post\u0159ehy \u010di informace o probl\u00e9mech, na kter\u00e9 naraz\u00edte p\u0159i pou\u017e\u00edv\u00e1n\u00ed tohoto webu, m\u016f\u017eete poslat na adresu spr\u00e1vce serveru \u2013 helpnda@nacr.cz. Tato adresa slou\u017e\u00ed pro \u0159e\u0161en\u00ed technick\u00fdch a metodick\u00fdch z\u00e1le\u017eitost\u00ed t\u00fdkaj\u00edc\u00edch se n\u00e1rodn\u00edho archivn\u00edho port\u00e1lu, elektronick\u00fdch v\u00fdb\u011br\u016f, p\u0159ed\u00e1v\u00e1n\u00ed a zp\u0159\u00edstup\u0148ov\u00e1n\u00ed archiv\u00e1li\u00ed.","protected":false},"author":1,"featured_media":0,"parent":0,"menu_order":0,"comment_status":"closed","ping_status":"closed","template":"page-templates\/page-container.php","meta":[],"_links":{"self":[{"href":"https:\/\/portal.nacr.cz\/cro\/wp-json\/wp\/v2\/pages\/113"}],"collection":[{"href":"https:\/\/portal.nacr.cz\/cro\/wp-json\/wp\/v2\/pages"}],"about":[{"href":"https:\/\/portal.nacr.cz\/cro\/wp-json\/wp\/v2\/types\/page"}],"author":[{"embeddable":true,"href":"https:\/\/portal.nacr.cz\/cro\/wp-json\/wp\/v2\/users\/1"}],"replies":[{"embeddable":true,"href":"https:\/\/portal.nacr.cz\/cro\/wp-json\/wp\/v2\/comments?post=113"}],"version-history":[{"count":2,"href":"https:\/\/portal.nacr.cz\/cro\/wp-json\/wp\/v2\/pages\/113\/revisions"}],"predecessor-version":[{"id":246,"href":"https:\/\/portal.nacr.cz\/cro\/wp-json\/wp\/v2\/pages\/113\/revisions\/246"}],"wp:attachment":[{"href":"https:\/\/portal.nacr.cz\/cro\/wp-json\/wp\/v2\/media?parent=113"}],"curies":[{"name":"wp","href":"https:\/\/api.w.org\/{rel}","templated":true}]}}