{"id":115,"date":"2020-12-10T11:18:58","date_gmt":"2020-12-10T10:18:58","guid":{"rendered":"https:\/\/portalvyvoj.nacr.cz\/cro\/?page_id=115"},"modified":"2021-01-24T12:12:16","modified_gmt":"2021-01-24T11:12:16","slug":"pristupnost","status":"publish","type":"page","link":"https:\/\/portal.nacr.cz\/cro\/pristupnost\/","title":{"rendered":"P\u0159\u00edstupnost"},"content":{"rendered":"\n<p><strong>Dokument obsahuje prohl\u00e1\u0161en\u00ed o p\u0159\u00edstupnosti n\u00e1rodn\u00edho archivn\u00edho port\u00e1lu, popis pou\u017e\u00edvan\u00fdch nestandardn\u00edch form\u00e1t\u016f<\/strong><\/p>\n\n\n\n<p>N\u00e1rodn\u00ed archivn\u00ed port\u00e1l je vytvo\u0159en tak, aby splnil pravidla tvorby p\u0159\u00edstupn\u00e9ho webu a vyhovuje po\u017eadavk\u016fm z\u00e1kona \u010d. 99\/2019 Sb., o p\u0159\u00edstupnosti internetov\u00fdch str\u00e1nek a mobiln\u00edch aplikac\u00ed.<\/p>\n\n\n\n<p>Pro popis v\u0161ech informac\u00ed na tomto webu je pou\u017eit zna\u010dkovac\u00ed jazyk HTML5 pro popis vzhledu pak stylov\u00fd p\u0159edpis CSS. V\u0161echny velikosti jsou uvedeny v relativn\u00edch jednotk\u00e1ch, je tedy mo\u017en\u00e9 podle pot\u0159eby zv\u011bt\u0161it velikost p\u00edsma.<\/p>\n\n\n\n<p>V\u0161echny odkazy jsou v textu vyzna\u010deny podtr\u017een\u00edm.<\/p>\n\n\n\n<p><strong>Informace prezentovan\u00e9 v jin\u00fdch form\u00e1tech<\/strong><\/p>\n\n\n\n<p>Na tomto webu jsou n\u011bkter\u00e9 informace dostupn\u00e9 v jin\u00e9 ne\u017e textov\u00e9 \u010di hypertextov\u00e9 podob\u011b. Odkazy vedouc\u00ed na tyto soubory jsou v textu vyzna\u010deny textem upozor\u0148uj\u00edc\u00edm na jin\u00fd obsah c\u00edlov\u00e9ho odkazu.<\/p>\n\n\n\n<p>Dokumenty se mohou vyskytnout v t\u011bchto form\u00e1tech:<\/p>\n\n\n\n<ul><li>XML\u00a0&#8211; dok\u00e1\u017ee zobrazit a editovat v\u011bt\u0161ina b\u011b\u017en\u011b pou\u017e\u00edvan\u00fdch textov\u00fdch editor\u016f.<\/li><li>PDF &#8211; pro tento form\u00e1t je voln\u011b ke sta\u017een\u00ed prohl\u00ed\u017ee\u010d <a href=\"https:\/\/get.adobe.com\/reader\/otherversions\/\" target=\"_blank\" rel=\"noreferrer noopener\"><u>Adobe Acrobat Reader<\/u><\/a>.<\/li><li>CSV- spole\u010dnost Microsoft poskytuje ke sv\u00fdm produkt\u016fm \u0159ady Office voln\u011b ke sta\u017een\u00ed <a href=\"http:\/\/office.microsoft.com\/cs-cz\/\" target=\"_blank\" rel=\"noreferrer noopener\"><u>prohl\u00ed\u017ee\u010de<\/u><\/a>.<\/li><li>EXCEL &#8211; spole\u010dnost Microsoft poskytuje ke sv\u00fdm produkt\u016fm \u0159ady Office voln\u011b ke sta\u017een\u00ed <a href=\"http:\/\/office.microsoft.com\/cs-cz\/\" target=\"_blank\" rel=\"noreferrer noopener\">prohl\u00ed\u017ee\u010de<\/a>.<\/li><\/ul>\n\n\n\n<p><strong>Podporovan\u00e9 prohl\u00ed\u017ee\u010de<\/strong><\/p>\n\n\n\n<div class=\"wp-block-group alignwide\"><div class=\"wp-block-group__inner-container\">\n<p>Google Chrome<\/p>\n\n\n\n<p>Mozilla Firefox<\/p>\n\n\n\n<p>Microsoft Edge<\/p>\n\n\n\n<p>Opera<\/p>\n<\/div><\/div>\n\n\n\n<h2>&nbsp; &nbsp; &nbsp; <a href=\"https:\/\/www.mozilla.cz\/stahnout\/\"><\/a><\/h2>\n\n\n\n<p><\/p>\n","protected":false},"excerpt":{"rendered":"Dokument obsahuje prohl\u00e1\u0161en\u00ed o p\u0159\u00edstupnosti n\u00e1rodn\u00edho archivn\u00edho port\u00e1lu, popis pou\u017e\u00edvan\u00fdch nestandardn\u00edch form\u00e1t\u016f N\u00e1rodn\u00ed archivn\u00ed port\u00e1l je vytvo\u0159en tak, aby splnil pravidla tvorby p\u0159\u00edstupn\u00e9ho webu a vyhovuje po\u017eadavk\u016fm z\u00e1kona \u010d. 99\/2019 Sb., o p\u0159\u00edstupnosti internetov\u00fdch str\u00e1nek a mobiln\u00edch aplikac\u00ed. Pro popis v\u0161ech informac\u00ed na tomto webu je pou\u017eit zna\u010dkovac\u00ed jazyk HTML5 pro popis vzhledu pak stylov\u00fd [&hellip;]","protected":false},"author":1,"featured_media":0,"parent":0,"menu_order":0,"comment_status":"closed","ping_status":"closed","template":"page-templates\/page-container.php","meta":[],"_links":{"self":[{"href":"https:\/\/portal.nacr.cz\/cro\/wp-json\/wp\/v2\/pages\/115"}],"collection":[{"href":"https:\/\/portal.nacr.cz\/cro\/wp-json\/wp\/v2\/pages"}],"about":[{"href":"https:\/\/portal.nacr.cz\/cro\/wp-json\/wp\/v2\/types\/page"}],"author":[{"embeddable":true,"href":"https:\/\/portal.nacr.cz\/cro\/wp-json\/wp\/v2\/users\/1"}],"replies":[{"embeddable":true,"href":"https:\/\/portal.nacr.cz\/cro\/wp-json\/wp\/v2\/comments?post=115"}],"version-history":[{"count":4,"href":"https:\/\/portal.nacr.cz\/cro\/wp-json\/wp\/v2\/pages\/115\/revisions"}],"predecessor-version":[{"id":336,"href":"https:\/\/portal.nacr.cz\/cro\/wp-json\/wp\/v2\/pages\/115\/revisions\/336"}],"wp:attachment":[{"href":"https:\/\/portal.nacr.cz\/cro\/wp-json\/wp\/v2\/media?parent=115"}],"curies":[{"name":"wp","href":"https:\/\/api.w.org\/{rel}","templated":true}]}}