{"id":117,"date":"2020-12-10T11:19:46","date_gmt":"2020-12-10T10:19:46","guid":{"rendered":"https:\/\/portalvyvoj.nacr.cz\/cro\/?page_id=117"},"modified":"2021-04-29T17:52:19","modified_gmt":"2021-04-29T15:52:19","slug":"mapa-stranek","status":"publish","type":"page","link":"https:\/\/portal.nacr.cz\/cro\/mapa-stranek\/","title":{"rendered":"Mapa str\u00e1nek"},"content":{"rendered":"\n<figure class=\"wp-block-table\"><table><tbody><tr><td>Hlavn\u00ed str\u00e1nka<\/td><td><br><\/td><td><br><\/td><td><br><\/td><\/tr><tr><td><br><\/td><td>Pro badatele<\/td><td><br><\/td><td><br><\/td><\/tr><tr><td><br><\/td><td><br><\/td><td>Archivn\u00ed fondy a sb\u00edrky<\/td><td><br><\/td><\/tr><tr><td><br><\/td><td><br><\/td><td><br>Archivn\u00ed pom\u016fcky<\/td><td><\/td><\/tr><tr><td><br><\/td><td><br><\/td><td><br>P\u016fvodci<\/td><td><\/td><\/tr><tr><td><br><\/td><td><br><\/td><td><br>Archivy<\/td><td><\/td><\/tr><tr><td><br><\/td><td><br>Pro archiv\u00e1\u0159e<\/td><td><br><\/td><td><\/td><\/tr><tr><td><br><\/td><td><br><\/td><td>V\u00fdb\u011br archiv\u00e1li\u00ed<\/td><td><br><\/td><\/tr><tr><td><br><\/td><td><br><\/td><td><\/td><td>eV\u00fdb\u011br (po p\u0159ihl\u00e1\u0161en\u00ed)<br><\/td><\/tr><tr><td><br><\/td><td><br><\/td><td><br><\/td><td>eP\u0159ed\u00e1n\u00ed (po p\u0159ihl\u00e1\u0161en\u00ed<\/td><\/tr><tr><td><br><\/td><td><br><\/td><td>Valid\u00e1tory NA<br><\/td><td><\/td><\/tr><tr><td><br><\/td><td><br><\/td><td>CAM<br><\/td><td><\/td><\/tr><tr><td><br><\/td><td><br><\/td><td><br>PEvA II<\/td><td><\/td><\/tr><tr><td><br><\/td><td><br><\/td><td>Moped<\/td><td><br><\/td><\/tr><tr><td><br><\/td><td><br><\/td><td>N\u00e1vody a \u0161kolen\u00ed<\/td><td><br><\/td><\/tr><tr><td><br><\/td><td><br><\/td><td>Reset hesla<\/td><td><br><\/td><\/tr><tr><td><br><\/td><td>Pro P\u016fvodce<\/td><td><br><\/td><td><br><\/td><\/tr><tr><td><br><\/td><td><br><\/td><td>V\u00fdb\u011br a p\u0159ed\u00e1n\u00ed archiv\u00e1li\u00ed<\/td><td><br><\/td><\/tr><tr><td><br><\/td><td><br><\/td><td>Valid\u00e1tory NA<\/td><td><br><\/td><\/tr><tr><td><br><\/td><td><br><\/td><td>N\u00e1vody<\/td><td><br><\/td><\/tr><tr><td><br><\/td><td><br><\/td><td><br>Registrace a p\u0159ihl\u00e1\u0161en\u00ed<\/td><td><\/td><\/tr><tr><td><br><\/td><td><br><\/td><td>Technick\u00e9 informace<br><\/td><td><\/td><\/tr><tr><td><br><\/td><td><br>eBadatelna<\/td><td><br><\/td><td><\/td><\/tr><tr><td><br><\/td><td><br><\/td><td>Archivn\u00ed fondy a sb\u00edrky<br><\/td><td><\/td><\/tr><tr><td><br><\/td><td><br><\/td><td>Archivn\u00ed pom\u016fcky<\/td><td><br><\/td><\/tr><tr><td><br><\/td><td><br><\/td><td>P\u016fvodci<\/td><td><br><\/td><\/tr><tr><td><br><\/td><td><br><\/td><td>Archivy<\/td><td><br><\/td><\/tr><tr><td><br><\/td><td>Informace a ozn\u00e1men\u00ed<\/td><td><br><\/td><td><br><\/td><\/tr><tr><td><br><\/td><td><br><\/td><td><\/td><td><br><\/td><\/tr><tr><td><br><\/td><td><br><\/td><td><\/td><td><br><\/td><\/tr><tr><td><br><\/td><td><br><\/td><td><\/td><td><br><\/td><\/tr><tr><td><br><\/td><td><br><\/td><td><\/td><td><br><\/td><\/tr><tr><td><br><\/td><td><br><\/td><td><br><\/td><td><\/td><\/tr><tr><td><br><\/td><td><br><\/td><td><br><\/td><td><\/td><\/tr><tr><td><br><\/td><td><br><\/td><td><br><\/td><td><\/td><\/tr><tr><td><br><\/td><td><br><\/td><td><br><\/td><td><\/td><\/tr><tr><td><br><\/td><td><br><\/td><td><br><\/td><td><\/td><\/tr><tr><td><br><\/td><td><br><\/td><td><br><\/td><td><\/td><\/tr><tr><td><br><\/td><td><br><\/td><td><\/td><td><br><\/td><\/tr><tr><td><br><\/td><td><br><\/td><td><br><\/td><td><\/td><\/tr><tr><td><br><\/td><td><br><\/td><td><br><\/td><td><\/td><\/tr><tr><td><br><\/td><td><br><\/td><td><br><\/td><td><\/td><\/tr><tr><td><br><\/td><td><br><\/td><td><br><\/td><td><\/td><\/tr><tr><td><br><\/td><td><br><\/td><td><\/td><td><br><\/td><\/tr><tr><td><br><\/td><td><br><\/td><td><\/td><td><br><\/td><\/tr><tr><td><br><\/td><td><\/td><td><br><\/td><td><br><\/td><\/tr><tr><td><br><\/td><td><br><\/td><td><\/td><td><br><\/td><\/tr><tr><td><br><\/td><td><br><\/td><td><\/td><td><br><\/td><\/tr><tr><td><br><\/td><td><br><\/td><td><\/td><td><br><\/td><\/tr><tr><td><br><\/td><td><br><\/td><td><\/td><td><br><\/td><\/tr><tr><td><br><\/td><td><br><\/td><td><br><\/td><td><br><\/td><\/tr><\/tbody><\/table><\/figure>\n","protected":false},"excerpt":{"rendered":"Hlavn\u00ed str\u00e1nkaPro badateleArchivn\u00ed fondy a sb\u00edrkyArchivn\u00ed pom\u016fckyP\u016fvodciArchivyPro archiv\u00e1\u0159eV\u00fdb\u011br archiv\u00e1li\u00edeV\u00fdb\u011br (po p\u0159ihl\u00e1\u0161en\u00ed)eP\u0159ed\u00e1n\u00ed (po p\u0159ihl\u00e1\u0161en\u00edValid\u00e1tory NACAMPEvA IIMopedN\u00e1vody a \u0161kolen\u00edReset heslaPro P\u016fvodceV\u00fdb\u011br a p\u0159ed\u00e1n\u00ed archiv\u00e1li\u00edValid\u00e1tory NAN\u00e1vodyRegistrace a p\u0159ihl\u00e1\u0161en\u00edTechnick\u00e9 informaceeBadatelnaArchivn\u00ed fondy a sb\u00edrkyArchivn\u00ed pom\u016fckyP\u016fvodciArchivyInformace a ozn\u00e1men\u00ed","protected":false},"author":1,"featured_media":0,"parent":0,"menu_order":0,"comment_status":"closed","ping_status":"closed","template":"page-templates\/page-container.php","meta":[],"_links":{"self":[{"href":"https:\/\/portal.nacr.cz\/cro\/wp-json\/wp\/v2\/pages\/117"}],"collection":[{"href":"https:\/\/portal.nacr.cz\/cro\/wp-json\/wp\/v2\/pages"}],"about":[{"href":"https:\/\/portal.nacr.cz\/cro\/wp-json\/wp\/v2\/types\/page"}],"author":[{"embeddable":true,"href":"https:\/\/portal.nacr.cz\/cro\/wp-json\/wp\/v2\/users\/1"}],"replies":[{"embeddable":true,"href":"https:\/\/portal.nacr.cz\/cro\/wp-json\/wp\/v2\/comments?post=117"}],"version-history":[{"count":4,"href":"https:\/\/portal.nacr.cz\/cro\/wp-json\/wp\/v2\/pages\/117\/revisions"}],"predecessor-version":[{"id":535,"href":"https:\/\/portal.nacr.cz\/cro\/wp-json\/wp\/v2\/pages\/117\/revisions\/535"}],"wp:attachment":[{"href":"https:\/\/portal.nacr.cz\/cro\/wp-json\/wp\/v2\/media?parent=117"}],"curies":[{"name":"wp","href":"https:\/\/api.w.org\/{rel}","templated":true}]}}