{"id":1186,"date":"2023-08-15T15:20:05","date_gmt":"2023-08-15T13:20:05","guid":{"rendered":"https:\/\/portal.nacr.cz\/cro\/?page_id=1186"},"modified":"2023-08-15T17:27:30","modified_gmt":"2023-08-15T15:27:30","slug":"grundlegende-begriffe-des-archivwesens","status":"publish","type":"page","link":"https:\/\/portal.nacr.cz\/cro\/de\/grundlegende-begriffe-des-archivwesens\/","title":{"rendered":"Grundlegende Begriffe des Archivwesens"},"content":{"rendered":"\n<p class=\"has-text-align-right\"><a href=\"\/cro\/de\/for-reserachers-de-translation\/\">&#8230; Zur\u00fcck &#8211; F\u00fcr Forscher &#8230;<\/a><\/p>\n\n\n\n<p>Ein <strong>Archiv <\/strong>ist eine Einrichtung, die der Aufbewahrung und Pflege von Archivalien dient und das \u00fcber die Akkreditierung des Innenministeriums der Tschechischen Republik verf\u00fcgt oder das durch das Gesetz Nr. 499\/2004, \u00fcber das Archivwesen und die Schriftgutverwaltung eingerichtet wird.<\/p>\n\n\n\n<p><strong>Archivalien<\/strong> sind Dokumente, die aufgrund des Entstehungszeitpunkts, des Inhalts, der Herkunft, der \u00e4u\u00dferen Merkmale und des dauerhaften Wertes, welcher sich aus ihrer politischen, wirtschaftlichen, rechtlichen, historischen, kulturellen, wissenschaftlichen oder informativen Bedeutung ergibt, im \u00f6ffentlichen Interesse zur dauerhaften Aufbewahrung ausgew\u00e4hlt und ins Register der Archivalien aufgenommen wurden, d. h. Teil des nationalen archivalischen Erbes geworden sind.<\/p>\n\n\n\n<p><strong>Ein Archivgut <\/strong>ist im tschechischen Archivwesen die grundlegende Erfassungseinheit. Es wird in <strong>Archivbest\u00e4nde<\/strong> (die durch die Auswahl aus Urheberdokumenten entstanden sind) und <strong>Archivsammlungen<\/strong> (die durch gezielte Sammelt\u00e4tigkeit unabh\u00e4ngig von ihren Urhebern entstanden sind) unterteilt. Zu den Archivbest\u00e4nden geh\u00f6ren zum Beispiel Best\u00e4nde von einzelnen Beh\u00f6rden, \u00f6ffentlichen Verwaltungen, Gerichten, Unternehmen, Vereinen und bedeutenden Pers\u00f6nlichkeiten. Beispiele f\u00fcr Archivsammlungen sind Sammlungen der Personenstandsregister, Sammlungen von Karten und Pl\u00e4nen, Ansichtskarten usw.<\/p>\n\n\n\n<p><strong>Archivfindmittel<\/strong> sind Instrumente, die bei der Bearbeitung von Archivalien entstehen; mit ihrer Hilfe wird die Orientierung in Archivalien und deren Menge erm\u00f6glicht, das diesbez\u00fcgliche Verst\u00e4ndnis erleichtert sowie der administrative und fachliche Kontext den Forschern n\u00e4her gebracht.<\/p>\n\n\n\n<p>Eine <strong>kulturwissenschaftliche Einrichtung<\/strong> ist eine Institution, die aufgrund ihrer Sammlungst\u00e4tigkeit Archivalien besitzt oder verwaltet, jedoch kein Archiv ist. Dazu geh\u00f6ren Museen, Bibliotheken, Gedenkst\u00e4tten, Galerien, Arbeitsst\u00e4tten der Akademie der Wissenschaften der Tschechischen Republik, einige Hochschulen usw.<br>&nbsp;<\/p>\n\n\n\n<p><strong>Urheber<\/strong> sind nat\u00fcrliche oder juristische Personen oder unter demselben Namen handelnde Personengruppen (K\u00f6rperschaften, Geschlechter) und die im Rahmen ihrer T\u00e4tigkeit Dokumente erstellen oder erhalten haben. Aus diesen Dokumenten werden, falls sie als Archivalien ausgew\u00e4hlt werden, Archivbest\u00e4nde gebildet. Die Beziehung des Urhebers zum Archivale wird als Provenienz bezeichnet. Zu den Urhebern von Archivbest\u00e4nden geh\u00f6ren beispielsweise einzelne Beh\u00f6rden, Organe der \u00f6ffentlichen Verwaltung, Gerichte, Unternehmen, Vereine und bedeutende Pers\u00f6nlichkeiten. Der Urheber wird auch bei Archivsammlungen angegeben \u2013 in diesem Falle handelt es sich um den Ersteller der Sammlung.\u00a0<\/p>\n\n\n\n<p class=\"has-text-align-right\"><a href=\"https:\/\/portal.nacr.cz\/cro\/de\/for-reserachers-de-translation\/\">&#8230; Zur\u00fcck &#8211; F\u00fcr Forscher &#8230;<\/a><\/p>\n","protected":false},"excerpt":{"rendered":"&#8230; Zur\u00fcck &#8211; F\u00fcr Forscher &#8230; Ein Archiv ist eine Einrichtung, die der Aufbewahrung und Pflege von Archivalien dient und das \u00fcber die Akkreditierung des Innenministeriums der Tschechischen Republik verf\u00fcgt oder das durch das Gesetz Nr. 499\/2004, \u00fcber das Archivwesen und die Schriftgutverwaltung eingerichtet wird. Archivalien sind Dokumente, die aufgrund des Entstehungszeitpunkts, des Inhalts, der [&hellip;]","protected":false},"author":3,"featured_media":0,"parent":0,"menu_order":0,"comment_status":"closed","ping_status":"closed","template":"page-templates\/page-container.php","meta":[],"_links":{"self":[{"href":"https:\/\/portal.nacr.cz\/cro\/wp-json\/wp\/v2\/pages\/1186"}],"collection":[{"href":"https:\/\/portal.nacr.cz\/cro\/wp-json\/wp\/v2\/pages"}],"about":[{"href":"https:\/\/portal.nacr.cz\/cro\/wp-json\/wp\/v2\/types\/page"}],"author":[{"embeddable":true,"href":"https:\/\/portal.nacr.cz\/cro\/wp-json\/wp\/v2\/users\/3"}],"replies":[{"embeddable":true,"href":"https:\/\/portal.nacr.cz\/cro\/wp-json\/wp\/v2\/comments?post=1186"}],"version-history":[{"count":3,"href":"https:\/\/portal.nacr.cz\/cro\/wp-json\/wp\/v2\/pages\/1186\/revisions"}],"predecessor-version":[{"id":1207,"href":"https:\/\/portal.nacr.cz\/cro\/wp-json\/wp\/v2\/pages\/1186\/revisions\/1207"}],"wp:attachment":[{"href":"https:\/\/portal.nacr.cz\/cro\/wp-json\/wp\/v2\/media?parent=1186"}],"curies":[{"name":"wp","href":"https:\/\/api.w.org\/{rel}","templated":true}]}}