{"id":1238,"date":"2023-09-13T11:56:11","date_gmt":"2023-09-13T09:56:11","guid":{"rendered":"https:\/\/portal.nacr.cz\/cro\/?page_id=1238"},"modified":"2023-09-13T12:43:12","modified_gmt":"2023-09-13T10:43:12","slug":"definitions-fondamentales-de-larchivistique","status":"publish","type":"page","link":"https:\/\/portal.nacr.cz\/cro\/fr\/pour-lecturer\/definitions-fondamentales-de-larchivistique\/","title":{"rendered":"D\u00e9finitions fondamentales de l\u2019archivistique"},"content":{"rendered":"\n<p class=\"has-text-align-right\"><a href=\"\/cro\/fr\/pour-lecturer\">&#8230; back &#8211; Pour les chercheurs&#8230;<\/a><\/p>\n\n\n\n<p>Un <strong>service d\u2019archives <\/strong>est une institution destin\u00e9e au stockage et \u00e0 la conservation de documents d\u2019archives qui dispose d\u2019une accr\u00e9ditation d\u00e9livr\u00e9e par le minist\u00e8re de l\u2019Int\u00e9rieur ou qui est \u00e9tablie par la loi n\u00b0&nbsp;499\/2004 Sb. sur les archives et la gestion des documents et sur les modifications apport\u00e9es \u00e0 certaines lois.<\/p>\n\n\n\n<p>Les <strong>documents d\u2019archives<\/strong> sont des documents qui, en raison de leur date de cr\u00e9ation, de leur contenu, de leur origine, de leurs caract\u00e9ristiques externes et de la valeur permanente que leur conf\u00e8re leur importance politique, \u00e9conomique, juridique, historique, culturelle, scientifique ou informationnelle, ont \u00e9t\u00e9 s\u00e9lectionn\u00e9s dans l\u2019int\u00e9r\u00eat public en vue d\u2019une conservation permanente et ont \u00e9t\u00e9 inscrits dans le registre des documents d\u2019archives, c\u2019est-\u00e0-dire qu\u2019ils font partie du patrimoine archivistique national.<\/p>\n\n\n\n<p>Un <strong>ensemble d\u2019archives<\/strong> est l\u2019unit\u00e9 de base du syst\u00e8me d\u2019archivage tch\u00e8que. Les ensembles d\u2019archives sont divis\u00e9s en <strong>fonds d\u2019archives<\/strong> (un ensemble de documents rassembl\u00e9 par un seul producteur) et en <strong>collections d\u2019archives<\/strong> (une r\u00e9union artificielle de documents en fonction de crit\u00e8res communs, cr\u00e9\u00e9e ind\u00e9pendamment de leurs producteurs). Les fonds d\u2019archives comprennent, par exemple, les fonds d\u2019autorit\u00e9s individuelles, d\u2019administrations publiques, de tribunaux, d\u2019entreprises, d\u2019associations et de personnalit\u00e9s. Les collections d\u2019archives comprennent, par exemple, les collections d\u2019actes d\u2019\u00e9tats civils, les collections de cartes et de plans, de cartes postales, etc.<\/p>\n\n\n\n<p><strong>Les instruments de rechereche<\/strong> sont des outils cr\u00e9\u00e9s pendant le traitement des documents d\u2019archives qui servent \u00e0 s\u2019orienter dans les documents d\u2019archives, leur port\u00e9e temporelle, \u00e0 faciliter leur compr\u00e9hension et \u00e0 familiariser le chercheur avec leur contexte administratif et sp\u00e9cialis\u00e9.<\/p>\n\n\n\n<p>Une <strong>institution culturelle-scientifique<\/strong> est une institution qui poss\u00e8de ou g\u00e8re des documents d\u2019archives sur la base de ses activit\u00e9s de collecte, mais qui n\u2019est pas un service d\u2019archives. Il s\u2019agit notamment de mus\u00e9es, de biblioth\u00e8ques, de m\u00e9moriaux, de galeries, de d\u00e9partements de l\u2019Acad\u00e9mie des sciences de la R\u00e9publique tch\u00e8que, de certaines universit\u00e9s, etc.<br>&nbsp;<\/p>\n\n\n\n<p>Les <strong>producteurs<\/strong> sont des personnes physiques ou morales ou des groupes de personnes agissant sous le m\u00eame nom (soci\u00e9t\u00e9, famille) qui ont cr\u00e9\u00e9 ou re\u00e7u des documents dans le cadre de leurs activit\u00e9s. \u00c0 partir de ces documents, s\u2019ils sont s\u00e9lectionn\u00e9s comme documents d\u2019archives, des fonds d\u2019archives sont cr\u00e9\u00e9s. La relation entre le producteur et le document d\u2019archives est appel\u00e9e provenance. Les producteurs de fonds d\u2019archives sont, par exemple, des autorit\u00e9s individuelles, des organes de l\u2019administration publique, des tribunaux, des entreprises, des associations et des personnalit\u00e9s. Le producteur est \u00e9galement mentionn\u00e9 pour les collections d\u2019archives \u2013 dans ce cas, il s\u2019agit du cr\u00e9ateur de la collection.<\/p>\n\n\n\n<p class=\"has-text-align-right\"><a href=\"https:\/\/portal.nacr.cz\/cro\/fr\/pour-les-chercheurs\"><a href=\"https:\/\/portal.nacr.cz\/cro\/fr\/pour-lecturer\">&#8230; back &#8211; Pour les chercheurs&#8230;<\/a><\/a>\u00a0<\/p>\n","protected":false},"excerpt":{"rendered":"&#8230; back &#8211; Pour les chercheurs&#8230; Un service d\u2019archives est une institution destin\u00e9e au stockage et \u00e0 la conservation de documents d\u2019archives qui dispose d\u2019une accr\u00e9ditation d\u00e9livr\u00e9e par le minist\u00e8re de l\u2019Int\u00e9rieur ou qui est \u00e9tablie par la loi n\u00b0&nbsp;499\/2004 Sb. sur les archives et la gestion des documents et sur les modifications apport\u00e9es \u00e0 [&hellip;]","protected":false},"author":3,"featured_media":0,"parent":1241,"menu_order":0,"comment_status":"closed","ping_status":"closed","template":"page-templates\/page-container.php","meta":[],"_links":{"self":[{"href":"https:\/\/portal.nacr.cz\/cro\/wp-json\/wp\/v2\/pages\/1238"}],"collection":[{"href":"https:\/\/portal.nacr.cz\/cro\/wp-json\/wp\/v2\/pages"}],"about":[{"href":"https:\/\/portal.nacr.cz\/cro\/wp-json\/wp\/v2\/types\/page"}],"author":[{"embeddable":true,"href":"https:\/\/portal.nacr.cz\/cro\/wp-json\/wp\/v2\/users\/3"}],"replies":[{"embeddable":true,"href":"https:\/\/portal.nacr.cz\/cro\/wp-json\/wp\/v2\/comments?post=1238"}],"version-history":[{"count":5,"href":"https:\/\/portal.nacr.cz\/cro\/wp-json\/wp\/v2\/pages\/1238\/revisions"}],"predecessor-version":[{"id":1248,"href":"https:\/\/portal.nacr.cz\/cro\/wp-json\/wp\/v2\/pages\/1238\/revisions\/1248"}],"up":[{"embeddable":true,"href":"https:\/\/portal.nacr.cz\/cro\/wp-json\/wp\/v2\/pages\/1241"}],"wp:attachment":[{"href":"https:\/\/portal.nacr.cz\/cro\/wp-json\/wp\/v2\/media?parent=1238"}],"curies":[{"name":"wp","href":"https:\/\/api.w.org\/{rel}","templated":true}]}}