{"id":18,"date":"2020-12-08T09:08:18","date_gmt":"2020-12-08T08:08:18","guid":{"rendered":"http:\/\/nap.localhost\/?page_id=18"},"modified":"2025-12-08T05:27:30","modified_gmt":"2025-12-08T04:27:30","slug":"uvodni-stranka","status":"publish","type":"page","link":"https:\/\/portal.nacr.cz\/cro\/","title":{"rendered":"\u00davodn\u00ed str\u00e1nka"},"content":{"rendered":"\n<p><\/p>\n\n\n<div class=\"grid\">\n    <div class=\"grid__wrapper\">\n        <div class=\"grid__line\">\n                <div class=\"grid__item\">\n                    <a class=\"grid__box grid__box_color_red\" href=\"\/cro\/pro-badatele\">\n                        <div class=\"grid__title\">pro Badatele<i class=\"grid__fas fas fa-angle-right\"><\/i><\/div>\n                    <\/a>\n                <\/div>\n                <div class=\"grid__item\">\n                    <a class=\"grid__box grid__box_color_yellow\" href=\"\/cro\/pro-puvodce\">\n                        <div class=\"grid__title\">pro P\u016fvodce<i class=\"grid__fas fas fa-angle-right\"><\/i><\/div>\n                    <\/a>\n                <\/div>\n            <div class=\"grid__item\">\n                    <a class=\"grid__box grid__box_color_green\" href=\"\/cro\/pro-archivare\">\n                        <div class=\"grid__title\">pro Archiv\u00e1\u0159e<i class=\"grid__fas fas fa-angle-right\"><\/i><\/div>\n                    <\/a>\n                <\/div>\n        <\/div>\n        <div class=\"grid__line\">\n            \n        <\/div>\n    <\/div>\n<\/div>\n\n\n<div style=\"height:20px\" aria-hidden=\"true\" class=\"wp-block-spacer\"><\/div>\n\n\n<div class=\"grid\">\n    <div class=\"grid__wrapper\">\n        <div class=\"grid__line\">\n                <div class=\"grid__item\">\n                    <a class=\"grid__box grid__box_color_blue\" href=\"\/aron\">\n                        <div class=\"grid__title\">eBadatelna<i class=\"grid__fas fas fa-angle-right\"><\/i><\/div>\n                    <\/a>\n                <\/div>\n                <div class=\"grid__item\">\n                    <a class=\"grid__box grid__box_color_blue-light grid__box_width_2\" href=\"https:\/\/portal.nacr.cz\/cro\/kategorie\/informace-a-oznameni\/\">\n                        <div class=\"grid__title\">Informace a ozn\u00e1men\u00ed<i class=\"grid__fas fas fa-angle-right\"><\/i><\/div>\n                        <div class=\"grid__list\">\n                                <div class=\"grid__li\"><i class=\"fas fa-bolt\"><\/i>V\u00fdpadek port\u00e1lu 6. 12. 2025 <\/div>\n                                <div class=\"grid__li\"><i class=\"fas fa-bolt\"><\/i>Odst\u00e1vka modulu CAM <\/div>\n                        <\/div>\n                    <\/a>\n                <\/div>\n        <\/div>\n        <div class=\"grid__line\">\n            \n        <\/div>\n    <\/div>\n<\/div>\n\n\n<p><\/p>\n","protected":false},"excerpt":{"rendered":"","protected":false},"author":1,"featured_media":0,"parent":0,"menu_order":0,"comment_status":"closed","ping_status":"closed","template":"page-templates\/page-homepage.php","meta":[],"_links":{"self":[{"href":"https:\/\/portal.nacr.cz\/cro\/wp-json\/wp\/v2\/pages\/18"}],"collection":[{"href":"https:\/\/portal.nacr.cz\/cro\/wp-json\/wp\/v2\/pages"}],"about":[{"href":"https:\/\/portal.nacr.cz\/cro\/wp-json\/wp\/v2\/types\/page"}],"author":[{"embeddable":true,"href":"https:\/\/portal.nacr.cz\/cro\/wp-json\/wp\/v2\/users\/1"}],"replies":[{"embeddable":true,"href":"https:\/\/portal.nacr.cz\/cro\/wp-json\/wp\/v2\/comments?post=18"}],"version-history":[{"count":71,"href":"https:\/\/portal.nacr.cz\/cro\/wp-json\/wp\/v2\/pages\/18\/revisions"}],"predecessor-version":[{"id":1487,"href":"https:\/\/portal.nacr.cz\/cro\/wp-json\/wp\/v2\/pages\/18\/revisions\/1487"}],"wp:attachment":[{"href":"https:\/\/portal.nacr.cz\/cro\/wp-json\/wp\/v2\/media?parent=18"}],"curies":[{"name":"wp","href":"https:\/\/api.w.org\/{rel}","templated":true}]}}