{"id":200,"date":"2021-01-12T12:21:14","date_gmt":"2021-01-12T11:21:14","guid":{"rendered":"https:\/\/portalvyvoj.nacr.cz\/cro\/?page_id=200"},"modified":"2021-01-12T12:21:15","modified_gmt":"2021-01-12T11:21:15","slug":"site-map","status":"publish","type":"page","link":"https:\/\/portal.nacr.cz\/cro\/en\/site-map\/","title":{"rendered":"Site Map"},"content":{"rendered":"\n<figure class=\"wp-block-table\"><table><tbody><tr><td>Hlavn\u00ed str\u00e1nka<\/td><td><br><\/td><td><br><\/td><td><br><\/td><\/tr><tr><td><br><\/td><td>Pro badatele<\/td><td><br><\/td><td><br><\/td><\/tr><tr><td><br><\/td><td><br><\/td><td>eBadatelna &#8211; \u00davodn\u00ed str\u00e1nka<\/td><td><br><\/td><\/tr><tr><td><br><\/td><td><br><\/td><td><br><\/td><td>Archivn\u00ed fondy a sb\u00edrky<\/td><\/tr><tr><td><br><\/td><td><br><\/td><td><br><\/td><td>Archivn\u00ed pom\u016fcky<\/td><\/tr><tr><td><br><\/td><td><br><\/td><td><br><\/td><td>P\u016fvodci<\/td><\/tr><tr><td><br><\/td><td><br><\/td><td><br><\/td><td>Archivy<\/td><\/tr><tr><td><br><\/td><td><br><\/td><td>O port\u00e1lu<\/td><td><br><\/td><\/tr><tr><td><br><\/td><td><br><\/td><td>N\u00e1vody<\/td><td><br><\/td><\/tr><tr><td><br><\/td><td><br><\/td><td><br><\/td><td>N\u00e1vod pro objedn\u00e1v\u00e1n\u00ed<\/td><\/tr><tr><td><br><\/td><td><br><\/td><td><br><\/td><td>N\u00e1vod pro registraci<\/td><\/tr><tr><td><br><\/td><td><br><\/td><td><br><\/td><td>N\u00e1vod k&nbsp;badatelsk\u00fdm list\u016fm<\/td><\/tr><tr><td><br><\/td><td><br><\/td><td><br><\/td><td>N\u00e1vod pro p\u0159ihl\u00e1\u0161en\u00ed pomoc\u00ed eIdentity\/ DS\/ mojeID<\/td><\/tr><tr><td><br><\/td><td><br><\/td><td>M\u00e9 po\u017eadavky (po p\u0159ihl\u00e1\u0161en\u00ed)<\/td><td><br><\/td><\/tr><tr><td><br><\/td><td><br><\/td><td>M\u00e9 badatelsk\u00e9 listy (po p\u0159ihl\u00e1\u0161en\u00ed)<\/td><td><br><\/td><\/tr><tr><td><br><\/td><td><br><\/td><td>Obl\u00edben\u00e9 (po p\u0159ihl\u00e1\u0161en\u00ed)<\/td><td><br><\/td><\/tr><tr><td><br><\/td><td>Pro archiv\u00e1\u0159e<\/td><td><br><\/td><td><br><\/td><\/tr><tr><td><br><\/td><td><br><\/td><td>eV\u00fdb\u011br (po p\u0159ihl\u00e1\u0161en\u00ed)<\/td><td><br><\/td><\/tr><tr><td><br><\/td><td><br><\/td><td>eP\u0159ed\u00e1n\u00ed (po p\u0159ihl\u00e1\u0161en\u00ed)<\/td><td><br><\/td><\/tr><tr><td><br><\/td><td><br><\/td><td>eBadatelna &#8211; \u00davodn\u00ed str\u00e1nka<\/td><td><br><\/td><\/tr><tr><td><br><\/td><td><br><\/td><td><br><\/td><td>Archivn\u00ed fondy a sb\u00edrky<\/td><\/tr><tr><td><br><\/td><td><br><\/td><td><br><\/td><td>Archivn\u00ed pom\u016fcky<\/td><\/tr><tr><td><br><\/td><td><br><\/td><td><br><\/td><td>P\u016fvodci<\/td><\/tr><tr><td><br><\/td><td><br><\/td><td><br><\/td><td>Archivy<\/td><\/tr><tr><td><br><\/td><td><br><\/td><td>Valid\u00e1tory NA<\/td><td><br><\/td><\/tr><tr><td><br><\/td><td><br><\/td><td>CAM (po p\u0159ihl\u00e1\u0161en\u00ed)<\/td><td><br><\/td><\/tr><tr><td><br><\/td><td><br><\/td><td>PEvA II (po p\u0159ihl\u00e1\u0161en\u00ed)<\/td><td><br><\/td><\/tr><tr><td><br><\/td><td>Pro p\u016fvodce<\/td><td><br><\/td><td><br><\/td><\/tr><tr><td><br><\/td><td><br><\/td><td>eV\u00fdb\u011br (po p\u0159ihl\u00e1\u0161en\u00ed)<\/td><td><br><\/td><\/tr><tr><td><br><\/td><td><br><\/td><td>eP\u0159ed\u00e1n\u00ed (po p\u0159ihl\u00e1\u0161en\u00ed)<\/td><td><br><\/td><\/tr><tr><td><br><\/td><td><br><\/td><td>O port\u00e1lu<\/td><td><br><\/td><\/tr><tr><td><br><\/td><td><br><\/td><td>N\u00e1vody<\/td><td><br><\/td><\/tr><tr><td><br><\/td><td><br><\/td><td><br><\/td><td>N\u00e1vod pro eV\u00fdb\u011br a eP\u0159ed\u00e1n\u00ed<\/td><\/tr><tr><td><br><\/td><td><br><\/td><td><br><\/td><td>N\u00e1vod pro registraci<\/td><\/tr><tr><td><br><\/td><td><br><\/td><td><br><\/td><td>N\u00e1vod k&nbsp;badatelsk\u00fdm list\u016fm a objedn\u00e1vk\u00e1m<\/td><\/tr><tr><td><br><\/td><td><br><\/td><td><br><\/td><td>Informace k eSK<\/td><\/tr><tr><td><br><\/td><td><br><\/td><td><br><\/td><td>Informace pro soukromopr\u00e1vn\u00ed p\u016fvodce (odkaz na web NA?)<\/td><\/tr><tr><td><br><\/td><td><br><\/td><td><br><\/td><td>N\u00e1vod pro p\u0159ihl\u00e1\u0161en\u00ed pomoc\u00ed eIdentity\/DS\/ mojeID, jinak<\/td><\/tr><tr><td><br><\/td><td><br><\/td><td>eBadatelna &#8211; \u00davodn\u00ed str\u00e1nka<\/td><td><br><\/td><\/tr><tr><td><br><\/td><td><br><\/td><td><br><\/td><td>Archivn\u00ed fondy a sb\u00edrky<\/td><\/tr><tr><td><br><\/td><td><br><\/td><td><br><\/td><td>Archivn\u00ed pom\u016fcky<\/td><\/tr><tr><td><br><\/td><td><br><\/td><td><br><\/td><td>P\u016fvodci<\/td><\/tr><tr><td><br><\/td><td><br><\/td><td><br><\/td><td>Archivy<\/td><\/tr><tr><td><br><\/td><td><br><\/td><td>Valid\u00e1tory NA<\/td><td><br><\/td><\/tr><tr><td><br><\/td><td><br><\/td><td>Informa\u010dn\u00ed list NA -&gt; odkaz na str\u00e1nky NA<\/td><td><br><\/td><\/tr><tr><td><br><\/td><td>eBadatelna &#8211; \u00davodn\u00ed str\u00e1nka<\/td><td><br><\/td><td><br><\/td><\/tr><tr><td><br><\/td><td><br><\/td><td>Archivn\u00ed fondy a sb\u00edrky<\/td><td><br><\/td><\/tr><tr><td><br><\/td><td><br><\/td><td>Archivn\u00ed pom\u016fcky<\/td><td><br><\/td><\/tr><tr><td><br><\/td><td><br><\/td><td>P\u016fvodci<\/td><td><br><\/td><\/tr><tr><td><br><\/td><td><br><\/td><td>Archivy<\/td><td><br><\/td><\/tr><tr><td><br><\/td><td>Informace a ozn\u00e1men\u00ed<br><\/td><td><br><\/td><td><br><\/td><\/tr><\/tbody><\/table><\/figure>\n","protected":false},"excerpt":{"rendered":"Hlavn\u00ed str\u00e1nkaPro badateleeBadatelna &#8211; \u00davodn\u00ed str\u00e1nkaArchivn\u00ed fondy a sb\u00edrkyArchivn\u00ed pom\u016fckyP\u016fvodciArchivyO port\u00e1luN\u00e1vodyN\u00e1vod pro objedn\u00e1v\u00e1n\u00edN\u00e1vod pro registraciN\u00e1vod k&nbsp;badatelsk\u00fdm list\u016fmN\u00e1vod pro p\u0159ihl\u00e1\u0161en\u00ed pomoc\u00ed eIdentity\/ DS\/ mojeIDM\u00e9 po\u017eadavky (po p\u0159ihl\u00e1\u0161en\u00ed)M\u00e9 badatelsk\u00e9 listy (po p\u0159ihl\u00e1\u0161en\u00ed)Obl\u00edben\u00e9 (po p\u0159ihl\u00e1\u0161en\u00ed)Pro archiv\u00e1\u0159eeV\u00fdb\u011br (po p\u0159ihl\u00e1\u0161en\u00ed)eP\u0159ed\u00e1n\u00ed (po p\u0159ihl\u00e1\u0161en\u00ed)eBadatelna &#8211; \u00davodn\u00ed str\u00e1nkaArchivn\u00ed fondy a sb\u00edrkyArchivn\u00ed pom\u016fckyP\u016fvodciArchivyValid\u00e1tory NACAM (po p\u0159ihl\u00e1\u0161en\u00ed)PEvA II (po p\u0159ihl\u00e1\u0161en\u00ed)Pro p\u016fvodceeV\u00fdb\u011br (po p\u0159ihl\u00e1\u0161en\u00ed)eP\u0159ed\u00e1n\u00ed (po p\u0159ihl\u00e1\u0161en\u00ed)O [&hellip;]","protected":false},"author":1,"featured_media":0,"parent":0,"menu_order":0,"comment_status":"closed","ping_status":"closed","template":"page-templates\/page-container.php","meta":[],"_links":{"self":[{"href":"https:\/\/portal.nacr.cz\/cro\/wp-json\/wp\/v2\/pages\/200"}],"collection":[{"href":"https:\/\/portal.nacr.cz\/cro\/wp-json\/wp\/v2\/pages"}],"about":[{"href":"https:\/\/portal.nacr.cz\/cro\/wp-json\/wp\/v2\/types\/page"}],"author":[{"embeddable":true,"href":"https:\/\/portal.nacr.cz\/cro\/wp-json\/wp\/v2\/users\/1"}],"replies":[{"embeddable":true,"href":"https:\/\/portal.nacr.cz\/cro\/wp-json\/wp\/v2\/comments?post=200"}],"version-history":[{"count":1,"href":"https:\/\/portal.nacr.cz\/cro\/wp-json\/wp\/v2\/pages\/200\/revisions"}],"predecessor-version":[{"id":201,"href":"https:\/\/portal.nacr.cz\/cro\/wp-json\/wp\/v2\/pages\/200\/revisions\/201"}],"wp:attachment":[{"href":"https:\/\/portal.nacr.cz\/cro\/wp-json\/wp\/v2\/media?parent=200"}],"curies":[{"name":"wp","href":"https:\/\/api.w.org\/{rel}","templated":true}]}}