{"id":236,"date":"2021-01-19T13:20:18","date_gmt":"2021-01-19T12:20:18","guid":{"rendered":"https:\/\/portalvyvoj.nacr.cz\/cro\/?page_id=236"},"modified":"2025-11-21T13:11:02","modified_gmt":"2025-11-21T12:11:02","slug":"evyber","status":"publish","type":"page","link":"https:\/\/portal.nacr.cz\/cro\/pro-archivare\/evyber\/","title":{"rendered":"V\u00fdb\u011br archiv\u00e1li\u00ed"},"content":{"rendered":"<div class=\"grid\">\n    <div class=\"grid__wrapper\">\n        <div class=\"grid__line\">\n                <div class=\"grid__item\">\n                    <a class=\"grid__box grid__box_color_green\" href=\"\/eskartace\" target=\"_blank\">\n                        <div class=\"grid__title\">eV\u00fdb\u011br<i class=\"grid__fas fas fa-angle-right\"><\/i><\/div>\n                    <\/a>\n                <\/div>\n                <div class=\"grid__item\">\n                    <a class=\"grid__box grid__box_color_green\" href=\"\/eprejimka\" target=\"_blank\">\n                        <div class=\"grid__title\">eP\u0159ed\u00e1n\u00ed<i class=\"grid__fas fas fa-angle-right\"><\/i><\/div>\n                    <\/a>\n                <\/div>\n        <\/div>\n    <\/div>\n<\/div>\n\n\n\n<p><\/p>\n\n\n\n<p>V\u00fdb\u011br a p\u0159\u00edjem archiv\u00e1li\u00ed v digit\u00e1ln\u00ed podob\u011b a jejich metadat d\u00e1lkov\u00fdm p\u0159\u00edstupem je dle \u00a7 18b odst. 4 p\u00edsm a) AZ jednou z kl\u00ed\u010dov\u00fdch funkcionalit n\u00e1rodn\u00edho port\u00e1lu.<\/p>\n\n\n\n<p>Port\u00e1l zaji\u0161\u0165uje p\u0159\u00edmou podporu pro:<br>1) p\u0159\u00edslu\u0161n\u00fd archiv (p\u0159ed\u00e1n\u00ed nahran\u00fdch dat, podpora pro v\u00fdb\u011br, podklady pro rozhodnut\u00ed, informace o ulo\u017een\u00ed, podklady pro z\u00e1znam o p\u0159ed\u00e1n\u00ed)<br>2) p\u016fvodce (nahr\u00e1n\u00ed dat, seznam pro skarta\u010dn\u00ed n\u00e1vrh, pr\u016fb\u011b\u017en\u00e9 a kone\u010dn\u00e9 v\u00fdsledky &#8211; extern\u011b)<\/p>\n\n\n\n<p><strong>V\u00fdznam<br><\/strong>1. umo\u017en\u011bn\u00ed v\u00fdb\u011bru a ulo\u017een\u00ed dokument\u016f v digit\u00e1ln\u00ed podob\u011b ve strukturovan\u00e9 podob\u011b (textov\u00e9 soubory, obr\u00e1zky, datab\u00e1ze atd.)<br>2. vyu\u017eit\u00ed eviden\u010dn\u00edch \u00fadaj\u016f z eviden\u010dn\u00edch pom\u016fcek po celou dobu \u017eivotn\u00edho cyklu dokumentu (jak pro analogov\u00e9 tak pro digit\u00e1ln\u00ed dokumenty v\u010detn\u011b archivn\u00edho zpracov\u00e1n\u00ed)<\/p>\n\n\n\n<p>3. umo\u017en\u00ed ukl\u00e1d\u00e1n\u00ed nestrukturovan\u00fdch digit\u00e1ln\u00edch dokument\u016f (<a href=\"#volne\" data-type=\"internal\" data-id=\"#volne\">voln\u00fdch soubor\u016f<\/a>), sestaven\u00ed informa\u010dn\u00edch bal\u00ed\u010dk\u016f pro ulo\u017een\u00ed a jejich opat\u0159en\u00ed metadaty.<\/p>\n\n\n\n<p><\/p>\n\n\n\n<p><\/p>\n\n\n\n<ol><li><em>Skarta\u010dn\u00ed \u0159\u00edzen\u00ed pro archiv\u00e1\u0159e 1: P\u0159ehled &#8211; V\u00fdb\u011br archiv\u00e1li\u00ed (6.02 min)<\/em><\/li><\/ol>\n\n\n\n<p><iframe width=\"560\" height=\"315\" src=\"https:\/\/www.youtube.com\/embed\/kDJp4T5LC6A\" title=\"YouTube video player\" frameborder=\"0\" allow=\"accelerometer; autoplay; clipboard-write; encrypted-media; gyroscope; picture-in-picture\" referrerpolicy=\"strict-origin-when-cross-origin\" allowfullscreen=\"\" style=\"font-size: inherit;\"><\/p><\/p><\/iframe><\/p>\n\n\n\n<p><em>2. Skarta\u010dn\u00ed \u0159\u00edzen\u00ed pro archiv\u00e1\u0159e 2: V\u00fdb\u011br entit <span style=\"font-size: inherit;\">(14:58 min)  <\/span><\/em><\/p>\n\n\n\n<p><iframe width=\"560\" height=\"315\" src=\"https:\/\/www.youtube.com\/embed\/APtiRypukR4\" title=\"YouTube video player\" frameborder=\"0\" allow=\"accelerometer; autoplay; clipboard-write; encrypted-media; gyroscope; picture-in-picture\" referrerpolicy=\"strict-origin-when-cross-origin\" allowfullscreen=\"\" style=\"font-size: inherit;\"><\/p><\/p><\/iframe><\/p>\n\n\n\n<p><em>3. Skarta\u010dn\u00ed \u0159\u00edzen\u00ed pro archiv\u00e1\u0159e 3: Vy\u017e\u00e1d\u00e1n\u00ed komponent (2:22 min)<\/em><\/p>\n\n\n\n<iframe width=\"560\" height=\"315\" src=\"https:\/\/www.youtube.com\/embed\/NUEqZ8ag6zw\" title=\"YouTube video player\" frameborder=\"0\" allow=\"accelerometer; autoplay; clipboard-write; encrypted-media; gyroscope; picture-in-picture\" referrerpolicy=\"strict-origin-when-cross-origin\" allowfullscreen=\"\"><\/p><\/iframe>\n\n\n\n<p><\/p>\n\n\n\n<p><em>4. Skarta\u010dn\u00ed \u0159\u00edzen\u00ed pro archiv\u00e1\u0159e 4: P\u0159ej\u00edmka z kone\u010dn\u00e9ho seznamu (3:23 min)<\/em><\/p>\n\n\n\n<p><\/p>\n\n\n\n<iframe width=\"560\" height=\"315\" src=\"https:\/\/www.youtube.com\/embed\/5T5H701ph5w\" title=\"YouTube video player\" frameborder=\"0\" allow=\"accelerometer; autoplay; clipboard-write; encrypted-media; gyroscope; picture-in-picture\" referrerpolicy=\"strict-origin-when-cross-origin\" allowfullscreen=\"\"><\/p><\/iframe>\n\n\n\n<p><\/p>\n\n\n\n<p><em>5. Skarta\u010dn\u00ed \u0159\u00edzen\u00ed pro archiv\u00e1\u0159e 5: eP\u0159ed\u00e1n\u00ed (p\u0159ej\u00edmka) (10:59 min)<\/em><\/p>\n\n\n\n<iframe width=\"560\" height=\"315\" src=\"https:\/\/www.youtube.com\/embed\/mvSGwlso3XY\" title=\"YouTube video player\" frameborder=\"0\" allow=\"accelerometer; autoplay; clipboard-write; encrypted-media; gyroscope; picture-in-picture\" referrerpolicy=\"strict-origin-when-cross-origin\" allowfullscreen=\"\"><\/iframe>\n\n\n\n<p><\/p>\n\n\n\n<p><em>6. P\u0159ihl\u00e1\u0161en\u00ed na port\u00e1l &#8211; Reset hesla (2:05 min)<\/em><\/p>\n\n\n<p><!-- \/wp:paragraph --><\/p>\n<p><!-- wp:html --><br>\n<iframe width=\"560\" height=\"315\" src=\"https:\/\/www.youtube.com\/embed\/ACjs3jyeaIU\" title=\"YouTube video player\" frameborder=\"0\" allow=\"accelerometer; autoplay; clipboard-write; encrypted-media; gyroscope; picture-in-picture\" referrerpolicy=\"strict-origin-when-cross-origin\" allowfullscreen=\"\"><\/iframe><br>\n<!-- \/wp:html --><\/p>\n<p><!-- wp:paragraph --><\/p>\n<p id=\"volne\">7. <em>V\u00fdb\u011br z voln\u00fdch soubor\u016f<\/em><\/p>\n<p><!-- \/wp:paragraph --><\/p>\n<p><!-- wp:image {\"id\":1443,\"width\":430,\"height\":308,\"sizeSlug\":\"large\"} --><\/p>\n<figure class=\"wp-block-image size-large is-resized\"><img loading=\"lazy\" src=\"https:\/\/portal.nacr.cz\/cro\/wp-content\/uploads\/2025\/04\/image.png\" alt=\"\" class=\"wp-image-1443\" width=\"430\" height=\"308\" srcset=\"https:\/\/portal.nacr.cz\/cro\/wp-content\/uploads\/2025\/04\/image.png 823w, https:\/\/portal.nacr.cz\/cro\/wp-content\/uploads\/2025\/04\/image-300x215.png 300w, https:\/\/portal.nacr.cz\/cro\/wp-content\/uploads\/2025\/04\/image-768x552.png 768w\" sizes=\"(max-width: 430px) 100vw, 430px\" \/><\/figure>\n<p><!-- \/wp:image --><\/p>\n<p><!-- wp:paragraph --><\/p>\n<p><strong><a href=\"https:\/\/us02web.zoom.us\/rec\/share\/YrbGTKwZ7TVQ27HA6Pd8bOO6aSP1b-NTojpiCSQkGQAJJlxuE3o208AqZHKKNmlP.XI_cZSJC4elDcGwG?startTime=1745928153000 Passcode: N=?tp4z5\">Z\u00e1znam on-line semin\u00e1\u0159e ze dne 29. 4. 2025<\/a><\/strong><\/p>\n<p><!-- \/wp:paragraph --><\/p>\n<p><!-- wp:file {\"id\":1430,\"href\":\"https:\/\/portal.nacr.cz\/cro\/wp-content\/uploads\/2025\/04\/20250425_VolneSoubory.pdf\"} --><\/p>\n<div class=\"wp-block-file\"><a href=\"https:\/\/portal.nacr.cz\/cro\/wp-content\/uploads\/2025\/04\/20250425_VolneSoubory.pdf\"><strong>PREZENTACE<\/strong><\/a><a href=\"https:\/\/portal.nacr.cz\/cro\/wp-content\/uploads\/2025\/04\/20250425_VolneSoubory.pdf\" class=\"wp-block-file__button\" download=\"\">PDF &#8211; 1,9 MB<\/a><\/div>\n<p><!-- \/wp:file --><\/p>\n<p><!-- wp:paragraph --><\/p>\n<p><em>Aktualizace str\u00e1nky 30. 4. 2025<\/em><\/p>\n<p><!-- \/wp:paragraph --><\/p>\n<p><!-- wp:paragraph {\"style\":{\"typography\":{\"fontSize\":1}}} --><\/p>\n<p style=\"font-size:1px\"><em>aktualizace 13. 4. 2021<\/em><\/p>\n<p><!-- \/wp:paragraph --><\/p>","protected":false},"excerpt":{"rendered":"V\u00fdb\u011br a p\u0159\u00edjem archiv\u00e1li\u00ed v digit\u00e1ln\u00ed podob\u011b a jejich metadat d\u00e1lkov\u00fdm p\u0159\u00edstupem je dle \u00a7 18b odst. 4 p\u00edsm a) AZ jednou z kl\u00ed\u010dov\u00fdch funkcionalit n\u00e1rodn\u00edho port\u00e1lu. Port\u00e1l zaji\u0161\u0165uje p\u0159\u00edmou podporu pro:1) p\u0159\u00edslu\u0161n\u00fd archiv (p\u0159ed\u00e1n\u00ed nahran\u00fdch dat, podpora pro v\u00fdb\u011br, podklady pro rozhodnut\u00ed, informace o ulo\u017een\u00ed, podklady pro z\u00e1znam o p\u0159ed\u00e1n\u00ed)2) p\u016fvodce (nahr\u00e1n\u00ed dat, seznam [&hellip;]","protected":false},"author":1,"featured_media":0,"parent":80,"menu_order":0,"comment_status":"closed","ping_status":"closed","template":"page-templates\/page-container.php","meta":[],"_links":{"self":[{"href":"https:\/\/portal.nacr.cz\/cro\/wp-json\/wp\/v2\/pages\/236"}],"collection":[{"href":"https:\/\/portal.nacr.cz\/cro\/wp-json\/wp\/v2\/pages"}],"about":[{"href":"https:\/\/portal.nacr.cz\/cro\/wp-json\/wp\/v2\/types\/page"}],"author":[{"embeddable":true,"href":"https:\/\/portal.nacr.cz\/cro\/wp-json\/wp\/v2\/users\/1"}],"replies":[{"embeddable":true,"href":"https:\/\/portal.nacr.cz\/cro\/wp-json\/wp\/v2\/comments?post=236"}],"version-history":[{"count":41,"href":"https:\/\/portal.nacr.cz\/cro\/wp-json\/wp\/v2\/pages\/236\/revisions"}],"predecessor-version":[{"id":1482,"href":"https:\/\/portal.nacr.cz\/cro\/wp-json\/wp\/v2\/pages\/236\/revisions\/1482"}],"up":[{"embeddable":true,"href":"https:\/\/portal.nacr.cz\/cro\/wp-json\/wp\/v2\/pages\/80"}],"wp:attachment":[{"href":"https:\/\/portal.nacr.cz\/cro\/wp-json\/wp\/v2\/media?parent=236"}],"curies":[{"name":"wp","href":"https:\/\/api.w.org\/{rel}","templated":true}]}}