{"id":255,"date":"2021-01-21T20:00:30","date_gmt":"2021-01-21T19:00:30","guid":{"rendered":"https:\/\/portalvyvoj.nacr.cz\/cro\/?page_id=255"},"modified":"2021-04-29T15:10:23","modified_gmt":"2021-04-29T13:10:23","slug":"o-portalu","status":"publish","type":"page","link":"https:\/\/portal.nacr.cz\/cro\/o-portalu\/","title":{"rendered":"O n\u00e1rodn\u00edm archivn\u00edm port\u00e1lu"},"content":{"rendered":"\n<p>Aby bylo mo\u017en\u00e9 spravovat digit\u00e1ln\u00ed archiv\u00e1lie a na jednom m\u00edst\u011b prezentovat n\u011bkter\u00e9 \u00fadaje o \u010desk\u00e9m archivnictv\u00ed, byl do z\u00e1kona \u010d. 499\/2004 Sb., o archivnictv\u00ed a spisov\u00e9 slu\u017eb\u011b a zm\u011bn\u011b n\u011bkter\u00fdch z\u00e1kon\u016f, ve zn\u011bn\u00ed pozd\u011bj\u0161\u00edch p\u0159edpis\u016f, dopln\u011bn \u00a7 18b, kter\u00fd pojedn\u00e1v\u00e1 o &#8222;port\u00e1lech pro zp\u0159\u00edstupn\u011bn\u00ed archiv\u00e1li\u00ed v digit\u00e1ln\u00ed podob\u011b&#8220;, kter\u00fdmi mus\u00ed disponovat ka\u017ed\u00fd digit\u00e1ln\u00ed archiv. K \u010demu vlastn\u011b port\u00e1l je? Hlavn\u00edm smyslem je poskytnout jednotn\u00e9 a bezpe\u010dn\u00e9 rozhran\u00ed k vlastn\u00edmu digit\u00e1ln\u00edmu archivu. Jde tedy o funk\u010dn\u00ed nadstavbu dlouhodob\u00e9ho \u00falo\u017ei\u0161t\u011b digit\u00e1ln\u00edch archiv\u00e1li\u00ed, bez kter\u00e9 nen\u00ed mo\u017en\u00e1 jeho plnohodnotn\u00e1 funkce.<\/p>\n\n\n\n<p>Rozhran\u00edm k n\u00e1rodn\u00edmu digit\u00e1ln\u00edmu archivu je &#8222;n\u00e1rodn\u00ed port\u00e1l&#8220;, co\u017e je z\u00e1konem zaveden\u00e1 legislativn\u00ed zkratka pro &#8222;port\u00e1l pro zp\u0159\u00edstupn\u011bn\u00ed archiv\u00e1li\u00ed v digit\u00e1ln\u00ed podob\u011b, jeho\u017e spr\u00e1vcem je N\u00e1rodn\u00ed archiv.&#8220; Z d\u016fvodu vylou\u010den\u00ed z\u00e1m\u011bny s jin\u00fdmi &#8222;n\u00e1rodn\u00edmi port\u00e1ly&#8220; je v praxi naz\u00fdv\u00e1n n\u00e1rodn\u00edm archivn\u00edm port\u00e1lem. Jeho \u00fakoly jsou n\u00e1sleduj\u00edc\u00ed (\u00a7 18b odst. 4):<\/p>\n\n\n\n<p>a) v\u00fdb\u011br a p\u0159\u00edjem archiv\u00e1li\u00ed v digit\u00e1ln\u00ed podob\u011b a jejich metadat,<br>b) veden\u00ed a zp\u0159\u00edstup\u0148ov\u00e1n\u00ed evidence N\u00e1rodn\u00edho archivn\u00edho d\u011bdictv\u00ed,<br>c) p\u0159\u00edjem metadat popis\u016f p\u016fvodc\u016f,<br>d) p\u0159\u00edjem metadat popis\u016f archiv\u016f a kulturn\u011b v\u011bdeck\u00fdch instituc\u00ed,<br>e) p\u0159\u00edjem a prezentace archivn\u00edch pom\u016fcek v digit\u00e1ln\u00ed podob\u011b,<br>f) p\u0159\u00edstup k archiv\u00e1li\u00edm v digit\u00e1ln\u00ed podob\u011b a dokument\u016fm v digit\u00e1ln\u00ed podob\u011b vznikl\u00fdm jako digit\u00e1ln\u00ed reprodukce z archiv\u00e1li\u00ed v analogov\u00e9 podob\u011b.<\/p>\n\n\n\n<p>Z v\u00fd\u0161e uveden\u00e9ho plyne, \u017ee jen \u010d\u00e1st \u00fakol\u016f n\u00e1rodn\u00edho port\u00e1lu je v\u00e1zan\u00e1 na dlouhodob\u00e9 ukl\u00e1d\u00e1n\u00ed digit\u00e1ln\u00edch archiv\u00e1li\u00ed. Nem\u00e9n\u011b podstatnou slo\u017eku tvo\u0159\u00ed podpora jednotn\u00e9 (celorepublikov\u00e9) prezentace<a href=\"https:\/\/podpora.nacr.cz\/Skoleni\/mod\/book\/view.php?id=2#_ftn1\"><\/a> archivn\u00edho popisu &#8211; archivn\u00edch soubor\u016f,&nbsp; archivn\u00edch pom\u016fcek, p\u016fvodc\u016f a vlastn\u00edch archiv\u016f. Posledn\u00ed bod, vn\u00edman\u00fd kontroverzn\u011b, rozhodn\u011b neznamen\u00e1, \u017ee n\u00e1rodn\u00ed port\u00e1l, resp. N\u00e1rodn\u00ed archiv bude spravovat a zaji\u0161\u0165ovat zp\u0159\u00edstupn\u011bn\u00ed digitaliz\u00e1t\u016f ze v\u0161ech archiv\u016f &#8211; takov\u00fd p\u0159\u00edstup je v dne\u0161n\u00ed dob\u011b zastaral\u00fd, modern\u00ed \u0159e\u0161en\u00ed spo\u010d\u00edvaj\u00ed ve zprost\u0159edkov\u00e1n\u00ed odkaz\u016f na zdroje (viz nap\u0159. evropsk\u00e1 digit\u00e1ln\u00ed knihovna www.europeana.eu). T\u00edmto sm\u011brem ve zp\u0159\u00edstup\u0148ov\u00e1n\u00ed digit\u00e1ln\u00edch archiv\u00e1li\u00ed p\u016fjde i n\u00e1rodn\u00ed archivn\u00ed port\u00e1l.<\/p>\n\n\n\n<p><strong>N\u00e1rodn\u00ed archivn\u00ed port\u00e1l obsahuje v sou\u010dasn\u00e9 dob\u011b n\u00e1sleduj\u00edc\u00ed hlavn\u00ed funk\u010dn\u00ed celky:<\/strong><\/p>\n\n\n\n<p>1) Centr\u00e1ln\u00ed rozhran\u00ed, p\u0159\u00edstupn\u00e9 i ve\u0159ejnosti (bez p\u0159ihl\u00e1\u0161en\u00ed) s mo\u017enost\u00ed vyhled\u00e1v\u00e1n\u00ed v datech PEvA, datech archivn\u00edch pom\u016fcek dodan\u00fdch archivy, v p\u0159ehledu p\u016fvodc\u016f (vazba na INTERPI a CAM), v rejst\u0159\u00edc\u00edch (z archivn\u00edch pom\u016fcek) a v p\u0159ehledu archiv\u016f.<\/p>\n\n\n\n<p>2) eV\u00fdb\u011br a eP\u0159ed\u00e1n\u00ed digit\u00e1ln\u00edch archiv\u00e1li\u00ed.<\/p>\n\n\n\n<p>3) V\u00fdb\u011br digit\u00e1ln\u00edch archiv\u00e1li\u00ed z dokument\u016f mimo elektronick\u00e9 syst\u00e9my spisov\u00e9 slu\u017eby (v\u00fdb\u011br mimo skarta\u010dn\u00ed \u0159\u00edzen\u00ed) a jejich ulo\u017een\u00ed do digit\u00e1ln\u00edho archivu.<\/p>\n\n\n\n<p>4) Badatelsk\u00e1 evidence (vytvo\u0159en\u00ed badatelsk\u00e9ho listu pro p\u0159\u00edslu\u0161n\u00fd archiv).<\/p>\n\n\n\n<p>5) P\u0159\u00edprava a v\u00fddej digit\u00e1ln\u00edch a digitalizovan\u00fdch archiv\u00e1li\u00ed (schvalov\u00e1n\u00ed nahl\u00ed\u017een\u00ed, anonymizace).<\/p>\n\n\n\n<p>N\u00e1rodn\u00ed archivn\u00ed port\u00e1l d\u00e1le zahrnuje administr\u00e1torskou \u010d\u00e1st, kde je zaznamen\u00e1v\u00e1na pr\u00e1ce s port\u00e1lem, jsou k dispozici n\u00e1stroje pro spr\u00e1vu u\u017eivatel\u016f a jejich pr\u00e1v, pro vytv\u00e1\u0159en\u00ed jazykov\u00fdch verz\u00ed a zm\u011bny text\u016f, publika\u010dn\u00ed syst\u00e9m pro spr\u00e1vu \u00favodn\u00ed str\u00e1nky.<\/p>\n\n\n\n<p class=\"has-black-color has-text-color\"><strong>Hlavn\u00edmi zdroji dat pro n\u00e1rodn\u00ed archivn\u00ed port\u00e1l jsou<\/strong><\/p>\n\n\n\n<p>1) program PEvA\/ PEvA II (export evidence jednoho nebo v\u00edce archivn\u00edch soubor\u016f),<\/p>\n\n\n\n<p>2) syst\u00e9my pro zpracov\u00e1n\u00ed archiv\u00e1li\u00ed v jednotliv\u00fdch archivech (archivn\u00ed pom\u016fcky ve standardech ApeEAD a SUZAP),<\/p>\n\n\n\n<p>3) popis archiv\u016f vytvo\u0159en\u00fd v speci\u00e1ln\u00ed aplikaci<\/p>\n\n\n\n<p>4) infrastruktura INTERPI (popis p\u016fvodc\u016f)<\/p>\n\n\n\n<p>5) Centr\u00e1ln\u00ed archivn\u00ed modul (CAM)<\/p>\n\n\n\n<p>6)  elektronick\u00e9 syst\u00e9my spisov\u00e9 slu\u017eby (data ve tvaru dle p\u0159\u00edloh n\u00e1rodn\u00edho standardu pro elektornick\u00e9 syst\u00e9my spisov\u00e9 slu\u017eby &#8211; spisov\u00e9 pl\u00e1ny, SIP pro p\u0159ed\u00e1v\u00e1n\u00ed do archivu, seznam za archiv\u00e1lie vybran\u00fdch dokument\u016f).<\/p>\n\n\n\n<figure class=\"wp-block-embed-wordpress wp-block-embed is-type-wp-embed is-provider-narp\"><div class=\"wp-block-embed__wrapper\">\n<blockquote class=\"wp-embedded-content\" data-secret=\"b8VHddngCo\"><a href=\"https:\/\/portal.nacr.cz\/cro\/pravidla-provozu-narp\/\">U\u017eivatelsk\u00e1 pravidla provozu N\u00e1rodn\u00edho archivn\u00edho port\u00e1lu<\/a><\/blockquote><iframe class=\"wp-embedded-content\" sandbox=\"allow-scripts\" security=\"restricted\" style=\"position: absolute; clip: rect(1px, 1px, 1px, 1px);\" title=\"&#8222;U\u017eivatelsk\u00e1 pravidla provozu N\u00e1rodn\u00edho archivn\u00edho port\u00e1lu&#8220; &#8212; NARP\" src=\"https:\/\/portal.nacr.cz\/cro\/pravidla-provozu-narp\/embed\/#?secret=b8VHddngCo\" data-secret=\"b8VHddngCo\" width=\"500\" height=\"282\" frameborder=\"0\" marginwidth=\"0\" marginheight=\"0\" scrolling=\"no\"><\/iframe>\n<\/div><\/figure>\n","protected":false},"excerpt":{"rendered":"Aby bylo mo\u017en\u00e9 spravovat digit\u00e1ln\u00ed archiv\u00e1lie a na jednom m\u00edst\u011b prezentovat n\u011bkter\u00e9 \u00fadaje o \u010desk\u00e9m archivnictv\u00ed, byl do z\u00e1kona \u010d. 499\/2004 Sb., o archivnictv\u00ed a spisov\u00e9 slu\u017eb\u011b a zm\u011bn\u011b n\u011bkter\u00fdch z\u00e1kon\u016f, ve zn\u011bn\u00ed pozd\u011bj\u0161\u00edch p\u0159edpis\u016f, dopln\u011bn \u00a7 18b, kter\u00fd pojedn\u00e1v\u00e1 o &#8222;port\u00e1lech pro zp\u0159\u00edstupn\u011bn\u00ed archiv\u00e1li\u00ed v digit\u00e1ln\u00ed podob\u011b&#8220;, kter\u00fdmi mus\u00ed disponovat ka\u017ed\u00fd digit\u00e1ln\u00ed archiv. K [&hellip;]","protected":false},"author":3,"featured_media":0,"parent":0,"menu_order":0,"comment_status":"closed","ping_status":"closed","template":"page-templates\/page-container.php","meta":[],"_links":{"self":[{"href":"https:\/\/portal.nacr.cz\/cro\/wp-json\/wp\/v2\/pages\/255"}],"collection":[{"href":"https:\/\/portal.nacr.cz\/cro\/wp-json\/wp\/v2\/pages"}],"about":[{"href":"https:\/\/portal.nacr.cz\/cro\/wp-json\/wp\/v2\/types\/page"}],"author":[{"embeddable":true,"href":"https:\/\/portal.nacr.cz\/cro\/wp-json\/wp\/v2\/users\/3"}],"replies":[{"embeddable":true,"href":"https:\/\/portal.nacr.cz\/cro\/wp-json\/wp\/v2\/comments?post=255"}],"version-history":[{"count":6,"href":"https:\/\/portal.nacr.cz\/cro\/wp-json\/wp\/v2\/pages\/255\/revisions"}],"predecessor-version":[{"id":524,"href":"https:\/\/portal.nacr.cz\/cro\/wp-json\/wp\/v2\/pages\/255\/revisions\/524"}],"wp:attachment":[{"href":"https:\/\/portal.nacr.cz\/cro\/wp-json\/wp\/v2\/media?parent=255"}],"curies":[{"name":"wp","href":"https:\/\/api.w.org\/{rel}","templated":true}]}}