{"id":776,"date":"2022-06-07T14:42:54","date_gmt":"2022-06-07T12:42:54","guid":{"rendered":"https:\/\/portal.nacr.cz\/cro\/?page_id=776"},"modified":"2023-08-23T23:59:26","modified_gmt":"2023-08-23T21:59:26","slug":"formatova-pravidla-narodniho-archivu","status":"publish","type":"page","link":"https:\/\/portal.nacr.cz\/cro\/uvodni-stranka\/formatova-pravidla-narodniho-archivu\/","title":{"rendered":"Form\u00e1tov\u00e1 pravidla N\u00e1rodn\u00edho archivu"},"content":{"rendered":"\n<p><strong>Aktu\u00e1ln\u00ed verze<\/strong><\/p>\n\n\n\n<figure class=\"wp-block-table\"><table><thead><tr><th class=\"has-text-align-left\" data-align=\"left\">verze\/<br>zve\u0159ejn\u011bno<\/th><th class=\"has-text-align-left\" data-align=\"left\">stav<\/th><th>ke sta\u017een\u00ed<\/th><th class=\"has-text-align-left\" data-align=\"left\">verze Pronom<\/th><\/tr><\/thead><tbody><tr><td class=\"has-text-align-left\" data-align=\"left\">2\/16. 5. 2023<\/td><td class=\"has-text-align-left\" data-align=\"left\">v produkci od 23. 8. 2023<\/td><td><a rel=\"noreferrer noopener\" href=\"https:\/\/portal.nacr.cz\/cro\/wp-content\/uploads\/2023\/03\/Formatova_pravidla_02.xlsx\" target=\"_blank\">XLSX<\/a><\/td><td class=\"has-text-align-left\" data-align=\"left\"><a href=\"https:\/\/www.nationalarchives.gov.uk\/aboutapps\/pronom\/release-notes.xml\">v. 109<\/a><\/td><\/tr><tr><td class=\"has-text-align-left\" data-align=\"left\"><\/td><td class=\"has-text-align-left\" data-align=\"left\"><\/td><td><a href=\"https:\/\/portal.nacr.cz\/cro\/wp-content\/uploads\/2023\/03\/Formatova_pravidla_02rozdily.xlsx\" target=\"_blank\" rel=\"noreferrer noopener\">XLSX &#8211; zm\u011bny<\/a> oproti verzi 1 <\/td><td class=\"has-text-align-left\" data-align=\"left\"><\/td><\/tr><\/tbody><\/table><\/figure>\n\n\n\n<p><strong>Historie verz\u00ed<\/strong><\/p>\n\n\n\n<figure class=\"wp-block-table\"><table><thead><tr><th>verze\/<br>zve\u0159ejn\u011bno<\/th><th class=\"has-text-align-left\" data-align=\"left\">stav<\/th><th class=\"has-text-align-left\" data-align=\"left\">ke sta\u017een\u00ed<\/th><th class=\"has-text-align-left\" data-align=\"left\">verze Pronom<\/th><\/tr><\/thead><tbody><tr><td>1\/<br>27. 8. 2021<\/td><td class=\"has-text-align-left\" data-align=\"left\">sta\u017eeno 23.8. 2023<\/td><td class=\"has-text-align-left\" data-align=\"left\"><a href=\"https:\/\/portal.nacr.cz\/cro\/wp-content\/uploads\/2022\/06\/Formatova_pravidla_01.pdf\">PDF\/A<\/a>, <a href=\"https:\/\/portal.nacr.cz\/cro\/wp-content\/uploads\/2022\/06\/Formatova_pravidla_01.xlsx\">XLSX<\/a><\/td><td class=\"has-text-align-left\" data-align=\"left\">v. 97<\/td><\/tr><tr><td><\/td><td class=\"has-text-align-left\" data-align=\"left\"><\/td><td class=\"has-text-align-left\" data-align=\"left\"><\/td><td class=\"has-text-align-left\" data-align=\"left\"><\/td><\/tr><\/tbody><\/table><\/figure>\n\n\n\n<p>Pro \u00fa\u010dely transparentn\u00edho zve\u0159ejn\u011bn\u00ed postupu kontrol identifikovan\u00fdch soubor\u016f zas\u00edlan\u00fdch k trval\u00e9mu ulo\u017een\u00ed v N\u00e1rodn\u00edm digit\u00e1ln\u00edm archivu, byl vytvo\u0159en p\u0159ehled form\u00e1t\u016f komponent, tzv.&nbsp;<strong>Form\u00e1tov\u00e1 pravidla N\u00e1rodn\u00edho archivu<\/strong>. Od \u010dervna 2022 zve\u0159ej\u0148ujeme Form\u00e1tov\u00e1 pravidla NA jako samostatn\u00fd dokument (do \u010dervna 2022 byla sou\u010d\u00e1st\u00ed P\u0159ehledu pravidel Valid\u00e1toru SIP). Seznam je vyu\u017e\u00edv\u00e1n p\u0159i validaci datov\u00fdch bal\u00ed\u010dk\u016f SIP p\u0159i p\u0159ed\u00e1v\u00e1n\u00ed archiv\u00e1li\u00ed k trval\u00e9mu ulo\u017een\u00ed.<\/p>\n\n\n\n<p>Seznam form\u00e1t\u016f vyu\u017e\u00edv\u00e1 prim\u00e1rn\u011b z\u00e1znamy form\u00e1tov\u00e9ho registru PRONOM (<a href=\"https:\/\/www.nationalarchives.gov.uk\/PRONOM\/Default.aspx\">https:\/\/www.nationalarchives.gov.uk\/PRONOM\/Default.aspx<\/a>)&nbsp;s&nbsp;uveden\u00edm p\u0159\u00edslu\u0161n\u00e9ho PUID (PRONOM Unique Identifier), MIMETYPE (pokud existuje), p\u0159\u00edpony (extenze), obecn\u00e9 kategorie form\u00e1tu a&nbsp;doporu\u010den\u00e9ho v\u00fdstupn\u00edho form\u00e1tu (viz sloupce \u201eV\u00fdstupn\u00ed form\u00e1t\u201c a&nbsp;\u201eV\u00fdstupn\u00ed form\u00e1t alternativn\u011b I\u201c a&nbsp;\u201eV\u00fdstupn\u00ed form\u00e1t alternativn\u011b II\u201c).<\/p>\n\n\n\n<p>Ve sloupci \u201eV\u00fdstupn\u00ed form\u00e1t\u201c je v\u017edy vyzna\u010deno<\/p>\n\n\n\n<ol><li>zda se jedn\u00e1 o&nbsp;v\u00fdstupn\u00ed datov\u00fd form\u00e1t podle \u00a7 23 Vyhl\u00e1\u0161ky,<\/li><li>v\u00fdstupn\u00ed datov\u00fd form\u00e1t vypl\u00fdvaj\u00edc\u00ed z&nbsp;Vyhl\u00e1\u0161ky<\/li><li>v\u00fdstupn\u00ed datov\u00fd form\u00e1t doporu\u010dovan\u00fd N\u00e1rodn\u00edm archivem nebo<\/li><li>informace, \u017ee lze dan\u00fd form\u00e1t ponechat (tzn.&nbsp;nen\u00ed nutn\u00e9 p\u0159ev\u00e1d\u011bt do v\u00fdstupn\u00edho datov\u00e9ho form\u00e1tu).<\/li><li>informace, \u017ee form\u00e1t obsahuje adres\u00e1\u0159e nebo soubory, kter\u00e9 je t\u0159eba rozbalit<\/li><li>informace, \u017ee k&nbsp;dal\u0161\u00edmu postupu v&nbsp;\u0159\u00edzen\u00ed je nutn\u00e9 individu\u00e1ln\u00ed posouzen\u00ed archiv\u00e1\u0159em, kter\u00fd rozhodne, \u017ee dan\u00fd form\u00e1t lze p\u0159ijmout k&nbsp;trval\u00e9mu ulo\u017een\u00ed (nap\u0159.&nbsp;u&nbsp;form\u00e1t\u016f datab\u00e1z\u00ed)<\/li><\/ol>\n\n\n\n<p>Ve sloupci \u201eV\u00fdstupn\u00ed form\u00e1t alternativn\u011b I\u201c a&nbsp;\u201eV\u00fdstupn\u00ed form\u00e1t alternativn\u011b II\u201c mohou b\u00fdt zaznamen\u00e1ny informace dle bod\u016f 1 a\u017e 6.<\/p>\n\n\n\n<p>Sloupec \u201eOrigin\u00e1l v\u017edy (doporu\u010deno)\u201c vyzna\u010duje, kdy je dan\u00fd form\u00e1t vhodn\u00e9\/doporu\u010deno p\u0159edat i&nbsp;v&nbsp;p\u016fvodn\u00edm form\u00e1tu (jako origin\u00e1l\/koncept; zejm\u00e9na&nbsp;z&nbsp;d\u016fvodu mo\u017en\u00e9ho budouc\u00edho strojov\u00e9ho zpracov\u00e1n\u00ed).<\/p>\n\n\n<div class=\"grid\">\n    <div class=\"grid__wrapper\">\n        <div class=\"grid__line\">\n                <div class=\"grid__item\">\n                    <a class=\"grid__box grid__box_color_\" href=\"https:\/\/validatorsip.nacr.cz\">\n                        <div class=\"grid__title\">valid\u00e1tor SIP NA<i class=\"grid__fas fas fa-angle-right\"><\/i><\/div>\n                    <\/a>\n                <\/div>\n                <div class=\"grid__item\">\n                    <a class=\"grid__box grid__box_color_\" href=\"https:\/\/www.nacr.cz\/verejnost\/2-predarchivni-pece\/verejnopravni-puvodci\/informacni-list\">\n                        <div class=\"grid__title\">INFORMA\u010cN\u00cd LIST NA<i class=\"grid__fas fas fa-angle-right\"><\/i><\/div>\n                    <\/a>\n                <\/div>\n            <div class=\"grid__item\">\n                    <a class=\"grid__box grid__box_color_\" href=\"\">\n                        <div class=\"grid__title\"><i class=\"grid__fas fas fa-angle-right\"><\/i><\/div>\n                    <\/a>\n                <\/div>\n        <\/div>\n        <div class=\"grid__line\">\n            \n        <\/div>\n    <\/div>\n<\/div>","protected":false},"excerpt":{"rendered":"Aktu\u00e1ln\u00ed verze verze\/zve\u0159ejn\u011bnostavke sta\u017een\u00edverze Pronom2\/16. 5. 2023v produkci od 23. 8. 2023XLSXv. 109XLSX &#8211; zm\u011bny oproti verzi 1 Historie verz\u00ed verze\/zve\u0159ejn\u011bnostavke sta\u017een\u00edverze Pronom1\/27. 8. 2021sta\u017eeno 23.8. 2023PDF\/A, XLSXv. 97 Pro \u00fa\u010dely transparentn\u00edho zve\u0159ejn\u011bn\u00ed postupu kontrol identifikovan\u00fdch soubor\u016f zas\u00edlan\u00fdch k trval\u00e9mu ulo\u017een\u00ed v N\u00e1rodn\u00edm digit\u00e1ln\u00edm archivu, byl vytvo\u0159en p\u0159ehled form\u00e1t\u016f komponent, tzv.&nbsp;Form\u00e1tov\u00e1 pravidla N\u00e1rodn\u00edho archivu. Od [&hellip;]","protected":false},"author":3,"featured_media":0,"parent":18,"menu_order":0,"comment_status":"closed","ping_status":"closed","template":"page-templates\/page-container.php","meta":[],"_links":{"self":[{"href":"https:\/\/portal.nacr.cz\/cro\/wp-json\/wp\/v2\/pages\/776"}],"collection":[{"href":"https:\/\/portal.nacr.cz\/cro\/wp-json\/wp\/v2\/pages"}],"about":[{"href":"https:\/\/portal.nacr.cz\/cro\/wp-json\/wp\/v2\/types\/page"}],"author":[{"embeddable":true,"href":"https:\/\/portal.nacr.cz\/cro\/wp-json\/wp\/v2\/users\/3"}],"replies":[{"embeddable":true,"href":"https:\/\/portal.nacr.cz\/cro\/wp-json\/wp\/v2\/comments?post=776"}],"version-history":[{"count":29,"href":"https:\/\/portal.nacr.cz\/cro\/wp-json\/wp\/v2\/pages\/776\/revisions"}],"predecessor-version":[{"id":1229,"href":"https:\/\/portal.nacr.cz\/cro\/wp-json\/wp\/v2\/pages\/776\/revisions\/1229"}],"up":[{"embeddable":true,"href":"https:\/\/portal.nacr.cz\/cro\/wp-json\/wp\/v2\/pages\/18"}],"wp:attachment":[{"href":"https:\/\/portal.nacr.cz\/cro\/wp-json\/wp\/v2\/media?parent=776"}],"curies":[{"name":"wp","href":"https:\/\/api.w.org\/{rel}","templated":true}]}}