{"id":80,"date":"2020-12-10T10:39:08","date_gmt":"2020-12-10T09:39:08","guid":{"rendered":"https:\/\/portalvyvoj.nacr.cz\/cro\/?page_id=80"},"modified":"2020-12-10T21:01:07","modified_gmt":"2020-12-10T20:01:07","slug":"pro-archivare","status":"publish","type":"page","link":"https:\/\/portal.nacr.cz\/cro\/pro-archivare\/","title":{"rendered":"pro Archiv\u00e1\u0159e"},"content":{"rendered":"<div class=\"grid\">\n    <div class=\"grid__wrapper\">\n        <div class=\"grid__line\">\n                <div class=\"grid__item\">\n                    <a class=\"grid__box grid__box_color_green\" href=\"\/cro\/pro-archivare\/evyber\/\">\n                        <div class=\"grid__title\">V\u00fdb\u011br archiv\u00e1li\u00ed<i class=\"grid__fas fas fa-angle-right\"><\/i><\/div>\n                    <\/a>\n                <\/div>\n                <div class=\"grid__item\">\n                    <a class=\"grid__box grid__box_color_green\" href=\"https:\/\/www.nacr.cz\/verejnost\/2-predarchivni-pece\/verejnopravni-puvodci\/nastroje-narodniho-digitalniho-archivu\" target=\"_blank\">\n                        <div class=\"grid__title\">Valid\u00e1tory<i class=\"grid__fas fas fa-angle-right\"><\/i><\/div>\n                    <\/a>\n                <\/div>\n                <div class=\"grid__item\">\n                    <a class=\"grid__box grid__box_color_green\" href=\"https:\/\/portal.nacr.cz\/cro\/nda-iii\/\">\n                        <div class=\"grid__title\">Projekt NDA III (nov\u011b)<i class=\"grid__fas fas fa-angle-right\"><\/i><\/div>\n                    <\/a>\n                <\/div>\n                <div class=\"grid__item\">\n                    <a class=\"grid__box grid__box_color_green\" href=\"https:\/\/portal.nacr.cz\/cro\/uvodni-stranka\/formatova-pravidla-narodniho-archivu\/\">\n                        <div class=\"grid__title\">Form\u00e1tov\u00e1 pravidla N\u00e1rodn\u00edho archivu<i class=\"grid__fas fas fa-angle-right\"><\/i><\/div>\n                    <\/a>\n                <\/div>\n                <div class=\"grid__item\">\n                    <a class=\"grid__box grid__box_color_green\" href=\"https:\/\/archi.gov.cz\/znalostni_baze:archivni_formaty?s%5B%5D=archiv%2A\" target=\"_blank\">\n                        <div class=\"grid__title\">N\u00e1rodn\u00ed standard form\u00e1t\u016f pro archivaci 2023<i class=\"grid__fas fas fa-angle-right\"><\/i><\/div>\n                    <\/a>\n                <\/div>\n                <div class=\"grid__item\">\n                    <a class=\"grid__box grid__box_color_green\" href=\"https:\/\/stands.nacr.cz\/\" target=\"_blank\">\n                        <div class=\"grid__title\">Archivn\u00ed standardy<i class=\"grid__fas fas fa-angle-right\"><\/i><\/div>\n                    <\/a>\n                <\/div>\n                <div class=\"grid__item\">\n                    <a class=\"grid__box grid__box_color_green\" href=\"\/cam\" target=\"_blank\">\n                        <div class=\"grid__title\">CAM<i class=\"grid__fas fas fa-angle-right\"><\/i><\/div>\n                    <\/a>\n                <\/div>\n                <div class=\"grid__item\">\n                    <a class=\"grid__box grid__box_color_green\" href=\"\/peva\" target=\"_blank\">\n                        <div class=\"grid__title\">PEvA II<i class=\"grid__fas fas fa-angle-right\"><\/i><\/div>\n                    <\/a>\n                <\/div>\n                <div class=\"grid__item\">\n                    <a class=\"grid__box grid__box_color_green\" href=\"https:\/\/portal.nacr.cz\/cro\/transformace-digitalnich-prostorovych-dat-pro-ucely-trvaleho-ulozeni-v-digitalnim-archivu\/\">\n                        <div class=\"grid__title\">Archivace geodat<i class=\"grid__fas fas fa-angle-right\"><\/i><\/div>\n                    <\/a>\n                <\/div>\n                <div class=\"grid__item\">\n                    <a class=\"grid__box grid__box_color_green\" href=\"https:\/\/podpora.nacr.cz\/moped\" target=\"_blank\">\n                        <div class=\"grid__title\">Moped<i class=\"grid__fas fas fa-angle-right\"><\/i><\/div>\n                    <\/a>\n                <\/div>\n                <div class=\"grid__item\">\n                    <a class=\"grid__box grid__box_color_green\" href=\"https:\/\/podpora.nacr.cz\/Skoleni\/login\/index.php\" target=\"_blank\">\n                        <div class=\"grid__title\">N\u00e1vody a \u0161kolen\u00ed<i class=\"grid__fas fas fa-angle-right\"><\/i><\/div>\n                    <\/a>\n                <\/div>\n                <div class=\"grid__item\">\n                    <a class=\"grid__box grid__box_color_green\" href=\"https:\/\/portal.nacr.cz\/cro\/metodicke-seminare\/\" target=\"_blank\">\n                        <div class=\"grid__title\">Metodick\u00e9 semin\u00e1\u0159e<i class=\"grid__fas fas fa-angle-right\"><\/i><\/div>\n                    <\/a>\n                <\/div>\n        <\/div>\n    <\/div>\n<\/div>\n","protected":false},"excerpt":{"rendered":"","protected":false},"author":1,"featured_media":0,"parent":0,"menu_order":0,"comment_status":"closed","ping_status":"closed","template":"page-templates\/page-container.php","meta":[],"_links":{"self":[{"href":"https:\/\/portal.nacr.cz\/cro\/wp-json\/wp\/v2\/pages\/80"}],"collection":[{"href":"https:\/\/portal.nacr.cz\/cro\/wp-json\/wp\/v2\/pages"}],"about":[{"href":"https:\/\/portal.nacr.cz\/cro\/wp-json\/wp\/v2\/types\/page"}],"author":[{"embeddable":true,"href":"https:\/\/portal.nacr.cz\/cro\/wp-json\/wp\/v2\/users\/1"}],"replies":[{"embeddable":true,"href":"https:\/\/portal.nacr.cz\/cro\/wp-json\/wp\/v2\/comments?post=80"}],"version-history":[{"count":5,"href":"https:\/\/portal.nacr.cz\/cro\/wp-json\/wp\/v2\/pages\/80\/revisions"}],"predecessor-version":[{"id":1376,"href":"https:\/\/portal.nacr.cz\/cro\/wp-json\/wp\/v2\/pages\/80\/revisions\/1376"}],"wp:attachment":[{"href":"https:\/\/portal.nacr.cz\/cro\/wp-json\/wp\/v2\/media?parent=80"}],"curies":[{"name":"wp","href":"https:\/\/api.w.org\/{rel}","templated":true}]}}