{"id":83,"date":"2020-12-10T10:39:27","date_gmt":"2020-12-10T09:39:27","guid":{"rendered":"https:\/\/portalvyvoj.nacr.cz\/cro\/?page_id=83"},"modified":"2021-01-19T13:12:44","modified_gmt":"2021-01-19T12:12:44","slug":"pro-puvodce","status":"publish","type":"page","link":"https:\/\/portal.nacr.cz\/cro\/pro-puvodce\/","title":{"rendered":"pro P\u016fvodce"},"content":{"rendered":"<div class=\"grid\">\n    <div class=\"grid__wrapper\">\n        <div class=\"grid__line\">\n                <div class=\"grid__item\">\n                    <a class=\"grid__box grid__box_color_yellow\" href=\"\/cro\/pro-puvodce\/vyber-a-predani-archivalii-puvodcem\/\">\n                        <div class=\"grid__title\">V\u00fdb\u011br a p\u0159ed\u00e1n\u00ed archiv\u00e1li\u00ed<i class=\"grid__fas fas fa-angle-right\"><\/i><\/div>\n                    <\/a>\n                <\/div>\n                <div class=\"grid__item\">\n                    <a class=\"grid__box grid__box_color_yellow\" href=\"https:\/\/www.nacr.cz\/verejnost\/2-predarchivni-pece\/verejnopravni-puvodci\/nastroje-narodniho-digitalniho-archivu\" target=\"_blank\">\n                        <div class=\"grid__title\">Valid\u00e1tory<i class=\"grid__fas fas fa-angle-right\"><\/i><\/div>\n                    <\/a>\n                <\/div>\n                <div class=\"grid__item\">\n                    <a class=\"grid__box grid__box_color_yellow\" href=\"https:\/\/portal.nacr.cz\/cro\/uvodni-stranka\/formatova-pravidla-narodniho-archivu\/\">\n                        <div class=\"grid__title\">Form\u00e1tov\u00e1 pravidla N\u00e1rodn\u00edho archivu<i class=\"grid__fas fas fa-angle-right\"><\/i><\/div>\n                    <\/a>\n                <\/div>\n                <div class=\"grid__item\">\n                    <a class=\"grid__box grid__box_color_yellow\" href=\"https:\/\/portal.nacr.cz\/cro\/pro-puvodce\/navody\/\">\n                        <div class=\"grid__title\">N\u00e1vody<i class=\"grid__fas fas fa-angle-right\"><\/i><\/div>\n                    <\/a>\n                <\/div>\n                <div class=\"grid__item\">\n                    <a class=\"grid__box grid__box_color_yellow\" href=\"https:\/\/portal.nacr.cz\/cro\/nda-iii\/\">\n                        <div class=\"grid__title\">Projekt NDA III (nov\u011b)<i class=\"grid__fas fas fa-angle-right\"><\/i><\/div>\n                    <\/a>\n                <\/div>\n                <div class=\"grid__item\">\n                    <a class=\"grid__box grid__box_color_yellow\" href=\"https:\/\/portal.nacr.cz\/cro\/metodicke-seminare\/\" target=\"_blank\">\n                        <div class=\"grid__title\">Metodick\u00e9 semin\u00e1\u0159e<i class=\"grid__fas fas fa-angle-right\"><\/i><\/div>\n                    <\/a>\n                <\/div>\n                <div class=\"grid__item\">\n                    <a class=\"grid__box grid__box_color_yellow\" href=\"https:\/\/portal.nacr.cz\/cro\/transformace-digitalnich-prostorovych-dat-pro-ucely-trvaleho-ulozeni-v-digitalnim-archivu\/\">\n                        <div class=\"grid__title\">Archivace geodat (NOV\u00c9)<i class=\"grid__fas fas fa-angle-right\"><\/i><\/div>\n                    <\/a>\n                <\/div>\n                <div class=\"grid__item\">\n                    <a class=\"grid__box grid__box_color_yellow\" href=\"https:\/\/portal.nacr.cz\/cro\/registrace-a-prihlaseni-2\/\">\n                        <div class=\"grid__title\">Registrace a p\u0159ihl\u00e1\u0161en\u00ed<i class=\"grid__fas fas fa-angle-right\"><\/i><\/div>\n                    <\/a>\n                <\/div>\n                <div class=\"grid__item\">\n                    <a class=\"grid__box grid__box_color_yellow\" href=\"https:\/\/portal.nacr.cz\/cro\/pro-puvodce\/technicke-pozadavky-narp-2-0\/\">\n                        <div class=\"grid__title\">Technick\u00e9 informace<i class=\"grid__fas fas fa-angle-right\"><\/i><\/div>\n                    <\/a>\n                <\/div>\n        <\/div>\n    <\/div>\n<\/div>\n","protected":false},"excerpt":{"rendered":"","protected":false},"author":1,"featured_media":0,"parent":0,"menu_order":0,"comment_status":"closed","ping_status":"closed","template":"page-templates\/page-container.php","meta":[],"_links":{"self":[{"href":"https:\/\/portal.nacr.cz\/cro\/wp-json\/wp\/v2\/pages\/83"}],"collection":[{"href":"https:\/\/portal.nacr.cz\/cro\/wp-json\/wp\/v2\/pages"}],"about":[{"href":"https:\/\/portal.nacr.cz\/cro\/wp-json\/wp\/v2\/types\/page"}],"author":[{"embeddable":true,"href":"https:\/\/portal.nacr.cz\/cro\/wp-json\/wp\/v2\/users\/1"}],"replies":[{"embeddable":true,"href":"https:\/\/portal.nacr.cz\/cro\/wp-json\/wp\/v2\/comments?post=83"}],"version-history":[{"count":3,"href":"https:\/\/portal.nacr.cz\/cro\/wp-json\/wp\/v2\/pages\/83\/revisions"}],"predecessor-version":[{"id":173,"href":"https:\/\/portal.nacr.cz\/cro\/wp-json\/wp\/v2\/pages\/83\/revisions\/173"}],"wp:attachment":[{"href":"https:\/\/portal.nacr.cz\/cro\/wp-json\/wp\/v2\/media?parent=83"}],"curies":[{"name":"wp","href":"https:\/\/api.w.org\/{rel}","templated":true}]}}